{"id":1148,"date":"2020-02-28T11:33:42","date_gmt":"2020-02-28T11:33:42","guid":{"rendered":"https:\/\/mesera.fi\/jalleenmyyjat\/"},"modified":"2023-10-13T11:05:33","modified_gmt":"2023-10-13T08:05:33","slug":"jalleenmyyjat","status":"publish","type":"page","link":"https:\/\/mesera.fi\/fi\/jalleenmyyjat\/","title":{"rendered":"J\u00e4lleenmyyj\u00e4t"},"content":{"rendered":"<p>[et_pb_section fb_built=&#8221;1&#8243; _builder_version=&#8221;4.16&#8243; global_colors_info=&#8221;{}&#8221;][et_pb_row column_structure=&#8221;3_5,2_5&#8243; _builder_version=&#8221;4.16&#8243; global_colors_info=&#8221;{}&#8221;][et_pb_column type=&#8221;3_5&#8243; _builder_version=&#8221;4.16&#8243; global_colors_info=&#8221;{}&#8221;][et_pb_tabs _builder_version=&#8221;4.22.2&#8243; z_index=&#8221;0&#8243; hover_enabled=&#8221;0&#8243; global_colors_info=&#8221;{}&#8221; sticky_enabled=&#8221;0&#8243;][et_pb_tab title=&#8221;Scandinavia&#8221; _builder_version=&#8221;4.16&#8243; global_colors_info=&#8221;{}&#8221;]<strong>Mesera Cranes Finland Oy<\/strong><br \/>\nWattitie 2<br \/>\n21530\u00a0Paimio<br \/>\nFinland<\/p>\n<p><strong>Cargotec Finland<\/strong><br \/>\nYst\u00e4vyydenkatu 2<br \/>\n21200 Raisio<br \/>\nFinland<br \/>\n<a href=\"http:\/\/www.cargotec.com\/fi-fi\/Sivut\/default.aspx\" target=\"_blank\" rel=\"nofollow noopener noreferrer\">www.cargotec.com<\/a><\/p>\n<p><strong>AFM-Forest Oy<\/strong><br \/>\nHakkutie 3<br \/>\n40320 Jyv\u00e4skyl\u00e4<br \/>\nFinland<br \/>\n<a href=\"http:\/\/www.mototarvikkeet.fi\/\">www.mototarvikkeet.fi<\/a><\/p>\n<p><strong>Exan As<\/strong><br \/>\nV\u00f5ru 165-3, 50115 Tartu<br \/>\nPuh. 747 6213, mob 513 5383<br \/>\nFaksi 736 686<br \/>\nS\u00e4hk\u00f6posti: e&#120;&#x61;&#x6e;&#64;&#101;&#120;&#x61;&#x6e;&#46;&#101;&#101;<br \/>\nEstonia<br \/>\n<a href=\"http:\/\/www.exan.ee\/\" target=\"_blank\" rel=\"nofollow noopener noreferrer\">www.exan.ee<\/a><\/p>\n<p><strong>Cargotec Sweden AB<\/strong><br \/>\nTegelbruksv\u00e4gen 10, PO Box 415<br \/>\nSE-891 28 \u00d6rnsk\u00f6ldsvik<br \/>\nSweden<br \/>\n<a href=\"http:\/\/www.cargotec.com\/\" target=\"_blank\" rel=\"nofollow noopener noreferrer\">www.cargotec.com<\/a><\/p>\n<p><strong>Koppoms Maskin Ab<br \/>\n<\/strong>H\u00e5lv\u00e4gen 1<br \/>\n673 92 Charlottenberg<br \/>\nSweden<br \/>\n<a href=\"https:\/\/www.koppommaskin.com\/\">https:\/\/www.koppommaskin.com\/<br \/>\n<\/a><a href=\"&#x6d;&#x61;&#x69;&#x6c;&#x74;&#x6f;&#x3a;&#x73;&#x65;&#x6e;&#x61;&#x64;&#x40;&#x6b;&#x6f;&#x70;&#x70;&#x6f;&#x6d;&#x73;&#x6d;&#x61;&#x73;&#x6b;&#x69;&#x6e;&#x2e;&#x63;&#x6f;&#x6d;\">&#x73;&#101;&#x6e;&#97;d&#x40;&#107;o&#x70;&#112;&#x6f;&#x6d;s&#x6d;&#97;s&#x6b;&#105;&#x6e;&#x2e;c&#x6f;&#109;<br \/>\n<\/a>+46 571 210 00<\/p>\n<p><strong>Sawo A\/S<\/strong><br \/>\nIndustrimarken 1<br \/>\nDK-9530 St\u00f8vring<br \/>\nDenmark<br \/>\n<a href=\"http:\/\/www.sawo.dk\/\" target=\"_blank\" rel=\"nofollow noopener noreferrer\">www.sawo.dk\/<\/a><\/p>\n<p><strong>Gj\u00f8vik kran og hydraulikk AS<\/strong><br \/>\nPostboks 5<br \/>\n2807 HUNNDALEN<br \/>\nNorway<br \/>\n<a href=\"http:\/\/www.gjovik-kran.no\/\" target=\"_blank\" rel=\"nofollow noopener noreferrer\">http:\/\/www.gjovik-kran.no\/<\/a>[\/et_pb_tab][et_pb_tab title=&#8221;Eurooppa&#8221; _builder_version=&#8221;4.22.2&#8243; hover_enabled=&#8221;0&#8243; global_colors_info=&#8221;{}&#8221; sticky_enabled=&#8221;0&#8243;]<strong>Cargotec Germany GmbH<\/strong><br \/>\nEmil-Berliner-Stra\u00dfe 29<br \/>\nD-30851, Langenhagen<br \/>\nGermany<br \/>\n<a href=\"http:\/\/www.cargotec.com\/\" target=\"_blank\" rel=\"nofollow noopener noreferrer\">www.cargotec.com<\/a><\/p>\n<p><strong><\/strong><\/p>\n<p><strong>Joma-Tech GmbH<br \/>\n<\/strong>G\u00e4nsebruch 34<br \/>\nD-34439 Willebadessen<br \/>\nGermany<\/p>\n<p>Ansprechpartner: Johannes Stiens<br \/>\nEmail: <a href=\"&#109;&#x61;&#105;&#x6c;&#116;&#x6f;&#58;&#x73;e&#x72;v&#x69;c&#x65;&#64;&#106;&#x6f;&#109;&#x61;&#45;&#x74;&#101;&#x63;&#104;&#x2e;d&#x65;\">&#x73;&#101;r&#x76;&#105;c&#x65;&#64;j&#x6f;&#109;a&#x2d;&#116;e&#x63;&#x68;&#46;&#x64;&#x65;<\/a><br \/>\n<a href=\"https:\/\/wa.me\/491702388043\">WhatsApp<\/a> (chat only)<br \/>\nTel: <a href=\"tel:+4956462950000\">+49 (0)5646\/295 00 00<\/a><br \/>\nFax: +49 (0)5646\/295 00 10<\/p>\n<p><a href=\"https:\/\/www.joma-tech.de\/\">https:\/\/joma-tech.de<\/a><br \/>\n&nbsp;<\/p>\n<p><strong>Schwanitz ForstTechnik e.K.<br \/>\n<\/strong>Am Markbach 12<br \/>\nD-76547 Sinzheim<br \/>\nGermany<\/p>\n<p>Puh. +49 7221 992051<br \/>\n&#105;&#x6e;f&#111;&#x40;s&#99;&#x68;w&#97;&#x6e;i&#116;&#x7a;&#45;&#x66;&#x6f;&#114;&#x73;&#x74;&#116;&#x65;c&#104;&#x6e;i&#107;&#x2e;d&#101;<\/p>\n<p><a href=\"https:\/\/schwanitz-forsttechnik.de\/\">www.schwanitz-forsttechnik.de<\/a><\/p>\n<p><strong><\/strong><\/p>\n<h3 style=\"box-sizing: border-box; margin: 0px; padding: 0px 0px 10px; border: 0px none; outline: 0px; font-size: 20px; vertical-align: baseline; background: #ffffff; color: #333333; line-height: 1.25; font-weight: 500; font-family: Abel, Helvetica, Arial, Lucida, sans-serif; font-style: normal; font-variant-ligatures: normal; font-variant-caps: normal; letter-spacing: normal; text-indent: 0px; text-transform: none; white-space: normal; word-spacing: 0px; -webkit-text-stroke-width: 0px; text-decoration-thickness: initial; text-decoration-style: initial; text-decoration-color: initial; text-align: left;\"><strong style=\"box-sizing: border-box; margin: 0px; padding: 0px; border: 0px; outline: 0px; font-size: 20px; text-size-adjust: 100%; vertical-align: baseline; background: transparent; font-weight: bold;\">Fahrzeugbau Ebert GmbH<\/strong><\/h3>\n<h3 style=\"box-sizing: border-box; margin: 0px; padding: 0px 0px 10px; border: 0px none; outline: 0px; font-size: 20px; vertical-align: baseline; background: #ffffff; color: #333333; line-height: 1.25; font-weight: 500; font-family: Abel, Helvetica, Arial, Lucida, sans-serif; font-style: normal; font-variant-ligatures: normal; font-variant-caps: normal; letter-spacing: normal; text-indent: 0px; text-transform: none; white-space: normal; word-spacing: 0px; -webkit-text-stroke-width: 0px; text-decoration-thickness: initial; text-decoration-style: initial; text-decoration-color: initial; text-align: left;\">Mittelh\u00f6fer Str.11 -13<br style=\"box-sizing: border-box;\" \/>34587 Felsberg- Gensungen<br style=\"box-sizing: border-box;\" \/>Germany<br style=\"box-sizing: border-box;\" \/>Ansprechpartner:<br style=\"box-sizing: border-box;\" \/>J\u00fcrgen Kunzemann<br style=\"box-sizing: border-box;\" \/>Email:<span style=\"box-sizing: border-box; margin: 0px; padding: 0px; border: 0px; outline: 0px; font-size: 20px; text-size-adjust: 100%; vertical-align: baseline; background: transparent;\">\u00a0<\/span><a href=\"&#109;&#x61;&#x69;l&#116;&#x6f;:&#108;&#x61;g&#101;&#x72;&#64;&#102;&#x61;&#x68;&#114;&#x7a;&#x65;u&#103;&#x62;a&#117;&#x2d;e&#98;&#x65;&#x72;&#116;&#x2e;&#x64;e\" style=\"box-sizing: border-box; text-decoration: none; margin: 0px; padding: 0px; border: 0px; outline: 0px; font-size: 20px; text-size-adjust: 100%; vertical-align: baseline; background: transparent; color: #d80005 !important;\">lager&#64;fa&#104;&#114;&#122;&#101;&#117;&#103;&#98;&#97;&#117;&#45;&#x65;&#x62;&#x65;&#x72;&#x74;&#x2e;&#x64;&#x65;<\/a><br style=\"box-sizing: border-box;\" \/>Tel:<span style=\"box-sizing: border-box; margin: 0px; padding: 0px; border: 0px; outline: 0px; font-size: 20px; text-size-adjust: 100%; vertical-align: baseline; background: transparent;\">\u00a0<\/span><a href=\"tel:+495662501110\" style=\"box-sizing: border-box; text-decoration: none; margin: 0px; padding: 0px; border: 0px; outline: 0px; font-size: 20px; text-size-adjust: 100%; vertical-align: baseline; background: transparent; color: #d80005 !important;\">+49 (0)5662-501110<\/a><\/h3>\n<p><strong><\/strong><\/p>\n<p><strong>Cargotec France SAS<\/strong><br \/>\n38-40 avenue Roger Hennequin<br \/>\nBP 34 (78192) Trappes Cedex<br \/>\nFrance<br \/>\n<a href=\"http:\/\/www.cargotec.com\/\" target=\"_blank\" rel=\"nofollow noopener noreferrer\">www.cargotec.com<\/a><\/p>\n<p><strong>Friedrich Berger Ges.m.b.H.&amp; Co. KG<\/strong><br \/>\nVerkaufsleitung<br \/>\nFriedrich Berger Ges.m.b.H.&amp; CoKG<br \/>\nWerk Schlatt 2<br \/>\n4691 Breitensch\u00fctzing<br \/>\nAustria<\/p>\n<p><strong>Cargotec Italia s.r.l., Hiab<\/strong><br \/>\nvia Giovanni Gentile, 3<br \/>\n20157, Milano<br \/>\nItaly<br \/>\n<a href=\"http:\/\/www.cargotec.com\/\" target=\"_blank\" rel=\"nofollow noopener noreferrer\">www.cargotec.com<\/a><\/p>\n<p><strong>Cargotec Iberia S.A.<\/strong><br \/>\nC\/L\u00edmite s\/n Pol. Industrial de las Fronteras<br \/>\n28850, Torrej\u00f3n de Ardoz (Madrid)<br \/>\nSpain<br \/>\n<a href=\"http:\/\/www.cargotec.com\/\" target=\"_blank\" rel=\"nofollow noopener noreferrer\">www.cargotec.com<\/a><\/p>\n<p><strong>Cargotec Poland Sp. z o.o. oddzia\u0142 Jawczyce<\/strong><br \/>\nul. Pozna\u0144ska 94<br \/>\n05-850 Jawczyce<br \/>\nPoland<br \/>\n<a href=\"http:\/\/www.cargotec.com\/\" target=\"_blank\" rel=\"nofollow noopener noreferrer\">www.cargotec.com<\/a><\/p>\n<p><strong>HYAB Daruszerviz Kft.<\/strong><br \/>\nH-5000 SZOLNOK<br \/>\nBesenysz\u00f6gi \u00fat 0458\/2 HRSZ<br \/>\nH-2220 VECS\u00c9S<br \/>\n\u00daj Ecseri \u00fat 2.<br \/>\nHungary<\/p>\n<p><strong>Cargotec Croatia d.o.o.<\/strong><br \/>\n14. Podbrezje 23<br \/>\n10020, Zagreb<br \/>\nCroatia<br \/>\n<a href=\"http:\/\/www.cargotec.com\/\" target=\"_blank\" rel=\"nofollow noopener noreferrer\">www.cargotec.com<\/a><\/p>\n<p><strong>Tehnika hidraulike st d.o.o<\/strong><br \/>\nSvetozara Radojcica 80g<br \/>\n11050 Beograd<br \/>\nSerbia<\/p>\n<p><strong>SIA Cargo Mobile<\/strong><br \/>\nStabu iela 92-6<br \/>\nLV-1009, Riga<br \/>\nLatvia<\/p>\n<p><strong>UAB ENAX<\/strong><br \/>\nStabu iela 92-6 Metalo g. 7<br \/>\n02190 Vilnius<br \/>\nLithuania[\/et_pb_tab][et_pb_tab title=&#8221;Ven\u00e4j\u00e4&#8221; _builder_version=&#8221;4.16&#8243; global_colors_info=&#8221;{}&#8221;]<\/p>\n<p><strong>Cargotec RUS, LLC<\/strong><br \/> <span>Obvodny Canal emb., 118 A, liter G, office 503<\/span><br \/> <span>190005, Saint-Petersburg<\/span><br \/> <span>Russia<\/span><br \/> <a href=\"http:\/\/www.cargotec.com\/\" target=\"_blank\" rel=\"nofollow noopener noreferrer\">www.cargotec.com<\/a><\/p>\n<p><strong>Volodgascan<br \/><\/strong>UL. Gagarin, 83A<br \/><strong><\/strong>160002 Vologda<br \/>Russia<br \/><a href=\"http:\/\/vologdascan.ru\/\">http:\/\/vologdascan.ru\/<br \/><\/a>+7 (8172) 51-91-91<\/p>\n<p>[\/et_pb_tab][et_pb_tab title=&#8221;USA&#8221; _builder_version=&#8221;4.16&#8243; global_colors_info=&#8221;{}&#8221;]<\/p>\n<p><strong>Cargotec USA Inc.<\/strong><br \/><span>Americas Region<\/span><br \/><span>12233 Williams Road<\/span><br \/><span>Perrysburg, Ohio USA 43551<\/span><br \/><a href=\"http:\/\/www.cargotec.com\/\" target=\"_blank\" rel=\"nofollow noopener noreferrer\">www.cargotec.com<\/a><\/p>\n<p>[\/et_pb_tab][et_pb_tab title=&#8221;Aasia&#8221; _builder_version=&#8221;4.16&#8243; global_colors_info=&#8221;{}&#8221;]<\/p>\n<p><strong>Hiab K.K.<\/strong><br \/><span>3831-1, Ikonobe-cho,Tsuzuki-ku<\/span><br \/><span>Yokohama 224-0053<\/span><br \/><span>Japan<\/span><\/p>\n<p><strong>Hiab Sdn Bhd<\/strong><br \/>No 27-1 Jalan Bandar 14, Pusat Bandar Puchong<br \/>47100, Puchong, Selangor<br \/>Malaysia<\/p>\n<p><strong>Cargotec CHS Asia Pacific Pte Ltd<\/strong><br \/>15 Tukang Innovation Drive<br \/>Singapore 618299<br \/><a href=\"http:\/\/www.cargotec.com\/\" target=\"_blank\" rel=\"nofollow noopener noreferrer\">www.cargotec.com<\/a><\/p>\n<p><strong>HIAB Australia<\/strong><br \/>9 Brock Street<br \/>Port Adelaide SA 5015;<br \/>Australia<\/p>\n<p><strong>Cargotec NZ<\/strong><br \/>14 Botha Road<br \/>Penrose, Auckland NZ 1642<br \/>PO Box 12952 Penrose NZ 1642<br \/><a href=\"http:\/\/www.cargotec.com\/\" target=\"_blank\" rel=\"nofollow noopener noreferrer\">www.cargotec.com<\/a><\/p>\n<p><strong>Midland Corporation Limited<\/strong><br \/>96 On nuch Rd.<br \/>Prawet, Bangkok<br \/>Thailand 10250<\/p>\n<p>[\/et_pb_tab][\/et_pb_tabs][\/et_pb_column][et_pb_column type=&#8221;2_5&#8243; _builder_version=&#8221;4.16&#8243; global_colors_info=&#8221;{}&#8221;][et_pb_image src=&#8221;https:\/\/mesera.fi\/wp-content\/uploads\/2019\/10\/kartta_sales.gif&#8221; _builder_version=&#8221;4.16&#8243; global_colors_info=&#8221;{}&#8221;][\/et_pb_image][\/et_pb_column][\/et_pb_row][\/et_pb_section]<\/p>\n","protected":false},"excerpt":{"rendered":"<p>Mesera Cranes Finland Oy Wattitie 2 21530\u00a0Paimio Finland Cargotec Finland Yst\u00e4vyydenkatu 2 21200 Raisio Finland www.cargotec.com AFM-Forest Oy Hakkutie 3 40320 Jyv\u00e4skyl\u00e4 Finland www.mototarvikkeet.fi Exan As V\u00f5ru 165-3, 50115 Tartu Puh. 747 6213, mob 513 5383 Faksi 736 686 S\u00e4hk\u00f6posti: e&#120;&#97;&#x6e;&#x40;ex&#97;&#110;&#x2e;&#x65;e Estonia www.exan.ee Cargotec Sweden AB Tegelbruksv\u00e4gen 10, PO Box 415 SE-891 28 \u00d6rnsk\u00f6ldsvik Sweden [&hellip;]<\/p>\n","protected":false},"author":1,"featured_media":0,"parent":0,"menu_order":0,"comment_status":"closed","ping_status":"closed","template":"","meta":{"_et_pb_use_builder":"on","_et_pb_old_content":"","_et_gb_content_width":"","footnotes":""},"class_list":["post-1148","page","type-page","status-publish","hentry"],"_links":{"self":[{"href":"https:\/\/mesera.fi\/fi\/wp-json\/wp\/v2\/pages\/1148","targetHints":{"allow":["GET"]}}],"collection":[{"href":"https:\/\/mesera.fi\/fi\/wp-json\/wp\/v2\/pages"}],"about":[{"href":"https:\/\/mesera.fi\/fi\/wp-json\/wp\/v2\/types\/page"}],"author":[{"embeddable":true,"href":"https:\/\/mesera.fi\/fi\/wp-json\/wp\/v2\/users\/1"}],"replies":[{"embeddable":true,"href":"https:\/\/mesera.fi\/fi\/wp-json\/wp\/v2\/comments?post=1148"}],"version-history":[{"count":8,"href":"https:\/\/mesera.fi\/fi\/wp-json\/wp\/v2\/pages\/1148\/revisions"}],"predecessor-version":[{"id":1488,"href":"https:\/\/mesera.fi\/fi\/wp-json\/wp\/v2\/pages\/1148\/revisions\/1488"}],"wp:attachment":[{"href":"https:\/\/mesera.fi\/fi\/wp-json\/wp\/v2\/media?parent=1148"}],"curies":[{"name":"wp","href":"https:\/\/api.w.org\/{rel}","templated":true}]}}