{"id":1141,"date":"2020-02-28T11:19:26","date_gmt":"2020-02-28T11:19:26","guid":{"rendered":"https:\/\/mesera.fi\/yhteystiedot\/"},"modified":"2024-11-19T09:40:00","modified_gmt":"2024-11-19T07:40:00","slug":"yhteystiedot","status":"publish","type":"page","link":"https:\/\/mesera.fi\/fi\/yhteystiedot\/","title":{"rendered":"Yhteystiedot"},"content":{"rendered":"<p>[et_pb_section fb_built=&#8221;1&#8243; _builder_version=&#8221;4.16&#8243; global_colors_info=&#8221;{}&#8221;][et_pb_row _builder_version=&#8221;4.16&#8243; custom_padding=&#8221;||0px|||&#8221; global_colors_info=&#8221;{}&#8221;][et_pb_column type=&#8221;4_4&#8243; _builder_version=&#8221;4.16&#8243; global_colors_info=&#8221;{}&#8221;][et_pb_text _builder_version=&#8221;4.16&#8243; text_font_size=&#8221;16px&#8221; custom_margin=&#8221;||21px|||&#8221; global_colors_info=&#8221;{}&#8221;]<\/p>\n<h3 style=\"text-align: left;\"><strong>Mesera Cranes Finland Oy<\/strong><\/h3>\n<h4 style=\"text-align: left;\">Osoite: Wattitie 2, 21530 Paimio<\/h4>\n<p><a href=\"&#x6d;&#x61;&#x69;&#x6c;&#x74;&#x6f;&#x3a;&#x73;&#x61;&#x6c;&#x65;&#x73;&#x40;&#x6d;&#x65;&#x73;&#x65;&#x72;&#x61;&#x2e;&#x66;&#x69;\">&#115;a&#108;e&#115;&#64;&#x6d;e&#x73;e&#x72;a&#x2e;f&#x69;<\/a><\/p>\n<p>&nbsp;<\/p>\n<table>\n<tbody>\n<tr>\n<td><strong>Myynti ja kehitys<\/strong><\/td>\n<td><\/td>\n<td><\/td>\n<\/tr>\n<tr>\n<td><strong>Tuotekehitys<\/strong><\/td>\n<td><a href=\"m&#97;&#x69;&#x6c;&#x74;o&#58;&#x74;&#x75;&#x6f;m&#111;&#x2e;&#x79;&#x6c;i&#107;&#x6f;&#x73;&#x6b;i&#64;&#x6d;&#x65;&#x73;e&#114;&#x61;&#x2e;&#x66;i\">Tuomo Ylikoski<\/a><\/td>\n<td><a href=\"tel:+358 50 461 49 32\">+358 50 461 49 32<\/a><\/td>\n<\/tr>\n<tr>\n<td><strong>Nosturimyynti<\/strong><\/td>\n<td><a href=\"ma&#105;&#108;&#116;&#x6f;&#x3a;&#x74;&#x65;&#x72;o&#46;&#108;&#97;&#109;&#x70;&#x6f;&#x6c;&#x61;&#x40;me&#115;&#101;&#114;&#x61;&#x2e;&#x66;&#x69;\">Tero Lampola<\/a><\/td>\n<td><a href=\"tel:+358 400 846 653\">+358 400 846 653<\/a><\/td>\n<\/tr>\n<tr>\n<td><strong>Hankinnat ja logistiikka<\/strong><\/td>\n<td><a href=\"&#x6d;a&#x69;&#108;&#x74;&#x6f;:&#x6a;&#97;&#x6e;&#x6e;e&#x2e;&#110;&#x61;&#x72;v&#x61;&#64;&#x6d;&#x65;s&#x65;&#114;&#x61;&#x2e;f&#x69;\">Janne N\u00e4rv\u00e4<\/a><\/td>\n<td><a href=\"tel:+358 40 755 8212\">+358 40 755 8212<\/a><\/td>\n<\/tr>\n<tr>\n<td><strong>Kuljetusj\u00e4rjestelyt<\/strong><\/td>\n<td><a href=\"&#109;&#x61;&#x69;l&#116;&#x6f;:&#115;&#x61;&#x72;&#105;&#x2e;&#x6c;i&#101;&#x74;z&#101;&#x6e;&#x40;&#109;&#x65;&#x73;e&#114;&#x61;&#46;&#102;&#x69;\">Sari Lietzen <\/a><\/td>\n<td><a href=\"tel:+358 40 503 9199\">+358 40 503 9199<\/a><\/td>\n<\/tr>\n<tr>\n<td><strong>Varaosamyynti, laskutus ja ostot<\/strong><\/td>\n<td><a href=\"&#109;&#x61;&#105;&#x6c;t&#x6f;:&#107;&#x69;&#114;&#x73;i&#x2e;n&#105;&#x6b;&#107;&#x61;n&#x65;n&#64;&#x6d;&#101;&#x73;e&#x72;a&#46;&#x66;&#105;\">Kirsi Nikkanen<\/a><\/td>\n<td><a href=\"tel:+358 40 541 6993\">+358 40 541 6993<\/a><\/td>\n<\/tr>\n<tr>\n<td><strong>Tuotanto<\/strong><\/td>\n<td><a href=\"&#109;&#x61;&#x69;l&#116;&#x6f;:&#116;&#x65;r&#111;&#x2e;k&#97;&#x72;&#x6b;&#107;&#x61;&#x69;n&#101;&#x6e;&#64;&#109;&#x65;s&#101;&#x72;&#x61;&#46;&#x66;&#x69;\">Tero K\u00e4rkk\u00e4inen<\/a><\/td>\n<td><a href=\"tel:+358 40 513 2879\">+358 40 513 2879<\/a><\/td>\n<\/tr>\n<\/tbody>\n<\/table>\n<p>[\/et_pb_text][et_pb_text _builder_version=&#8221;4.16&#8243; text_font_size=&#8221;16px&#8221; custom_margin=&#8221;||21px|||&#8221; custom_padding=&#8221;40px|||||&#8221; global_colors_info=&#8221;{}&#8221;]<\/p>\n<h3 style=\"text-align: left;\"><strong>Myynti, Saksa<\/strong><\/h3>\n<h4 style=\"text-align: left;\"><a href=\"&#x6d;&#x61;&#105;lt&#x6f;&#x3a;&#104;&#97;e&#x75;&#x73;&#108;&#101;r&#x2d;&#x69;&#x6e;&#103;en&#x69;&#x65;&#117;&#114;t&#x65;&#x63;&#104;&#110;i&#x6b;&#x40;&#116;&#45;o&#x6e;&#x6c;&#x69;&#110;e&#46;&#x64;&#x65;\">Thomas H\u00e4usler<\/a><\/h4>\n<p>Puh: <a href=\"tel:+49 160-90991389\">+49 160-90991389<\/a> | Faksi: +49 8142-4102116<\/p>\n<p>[\/et_pb_text][\/et_pb_column][\/et_pb_row][\/et_pb_section]<\/p>\n","protected":false},"excerpt":{"rendered":"<p>Mesera Cranes Finland Oy Osoite: Wattitie 2, 21530 Paimio &#x73;&#x61;&#108;e&#x73;&#x40;&#109;&#101;s&#x65;&#x72;&#97;&#46;f&#x69; &nbsp; Myynti ja kehitys Tuotekehitys Tuomo Ylikoski +358 50 461 49 32 Nosturimyynti Tero Lampola +358 400 846 653 Hankinnat ja logistiikka Janne N\u00e4rv\u00e4 +358 40 755 8212 Kuljetusj\u00e4rjestelyt Sari Lietzen +358 40 503 9199 Varaosamyynti, laskutus ja ostot Kirsi Nikkanen +358 40 541 6993 [&hellip;]<\/p>\n","protected":false},"author":1,"featured_media":0,"parent":0,"menu_order":0,"comment_status":"closed","ping_status":"closed","template":"","meta":{"_et_pb_use_builder":"on","_et_pb_old_content":"","_et_gb_content_width":"","footnotes":""},"class_list":["post-1141","page","type-page","status-publish","hentry"],"_links":{"self":[{"href":"https:\/\/mesera.fi\/fi\/wp-json\/wp\/v2\/pages\/1141","targetHints":{"allow":["GET"]}}],"collection":[{"href":"https:\/\/mesera.fi\/fi\/wp-json\/wp\/v2\/pages"}],"about":[{"href":"https:\/\/mesera.fi\/fi\/wp-json\/wp\/v2\/types\/page"}],"author":[{"embeddable":true,"href":"https:\/\/mesera.fi\/fi\/wp-json\/wp\/v2\/users\/1"}],"replies":[{"embeddable":true,"href":"https:\/\/mesera.fi\/fi\/wp-json\/wp\/v2\/comments?post=1141"}],"version-history":[{"count":11,"href":"https:\/\/mesera.fi\/fi\/wp-json\/wp\/v2\/pages\/1141\/revisions"}],"predecessor-version":[{"id":1503,"href":"https:\/\/mesera.fi\/fi\/wp-json\/wp\/v2\/pages\/1141\/revisions\/1503"}],"wp:attachment":[{"href":"https:\/\/mesera.fi\/fi\/wp-json\/wp\/v2\/media?parent=1141"}],"curies":[{"name":"wp","href":"https:\/\/api.w.org\/{rel}","templated":true}]}}