{"id":1135,"date":"2020-02-28T11:13:01","date_gmt":"2020-02-28T11:13:01","guid":{"rendered":"https:\/\/mesera.fi\/kahmarit\/"},"modified":"2023-12-18T11:02:44","modified_gmt":"2023-12-18T09:02:44","slug":"kahmarit","status":"publish","type":"page","link":"https:\/\/mesera.fi\/fi\/kahmarit\/","title":{"rendered":"Kahmarit"},"content":{"rendered":"<p>[et_pb_section fb_built=&#8221;1&#8243; _builder_version=&#8221;4.16&#8243; global_colors_info=&#8221;{}&#8221;][et_pb_row column_structure=&#8221;1_2,1_2&#8243; _builder_version=&#8221;4.16&#8243; custom_padding=&#8221;0px||0px|||&#8221; global_colors_info=&#8221;{}&#8221;][et_pb_column type=&#8221;1_2&#8243; _builder_version=&#8221;4.16&#8243; global_colors_info=&#8221;{}&#8221;][et_pb_text _builder_version=&#8221;4.16&#8243; global_colors_info=&#8221;{}&#8221;]<\/p>\n<h1>Kahmarit<\/h1>\n<p>&nbsp;[\/et_pb_text][\/et_pb_column][et_pb_column type=&#8221;1_2&#8243; _builder_version=&#8221;4.16&#8243; global_colors_info=&#8221;{}&#8221;][\/et_pb_column][\/et_pb_row][et_pb_row column_structure=&#8221;1_2,1_2&#8243; _builder_version=&#8221;4.16&#8243; custom_padding=&#8221;60px|||||&#8221; global_colors_info=&#8221;{}&#8221;][et_pb_column type=&#8221;1_2&#8243; _builder_version=&#8221;4.16&#8243; global_colors_info=&#8221;{}&#8221;][et_pb_team_member name=&#8221;MR28&#8243; position=&#8221; &#8221; image_url=&#8221;https:\/\/mesera.fi\/wp-content\/uploads\/2019\/10\/MR28-side_transparentbackground-300&#215;212.png&#8221; _builder_version=&#8221;4.16&#8243; header_font=&#8221;|600|||||||&#8221; custom_padding=&#8221;0px|||||&#8221; global_colors_info=&#8221;{}&#8221;]MR28-kahmari on suunniteltu tehokkaaseen materiaalin k\u00e4sittelyyn ja kovakromatut akselit ja kulutuskest\u00e4v\u00e4 ter\u00e4s varmistavat tuotteen kest\u00e4vyyden kovassakin k\u00e4yt\u00f6ss\u00e4. N\u00e4iden lis\u00e4ksi sylinterin vartta suojaavan pohjarakenteen vuoksi t\u00e4m\u00e4 on varma valinta ammattimaiselle materiaalin k\u00e4sittelylle.[\/et_pb_team_member][\/et_pb_column][et_pb_column type=&#8221;1_2&#8243; _builder_version=&#8221;4.16&#8243; global_colors_info=&#8221;{}&#8221;][et_pb_team_member name=&#8221;MF-sarja&#8221; position=&#8221; &#8221; image_url=&#8221;https:\/\/mesera.fi\/wp-content\/uploads\/2019\/10\/MF26_transparentbackground-300&#215;300.png&#8221; _builder_version=&#8221;4.16&#8243; header_font=&#8221;|600|||||||&#8221; global_colors_info=&#8221;{}&#8221;]MF-sarjan kahmarit ovat suunniteltu helppoon ja tehokkaaseen puun k\u00e4sittelyyn. Tuotteperhe MF26, MF36, MF42 ja MF52 varmistavat sen, ett\u00e4 t\u00e4ydellinen valinta jokaiselle k\u00e4ytt\u00e4j\u00e4lle on saatavilla ja suunnitteluratkaisut kourien geometriassa, ter\u00e4slaatujen valinnassa ja sylinteri\u00e4 suojaavien ominaisuuksien johdosta tekee tuotteista varman valinnan alan ammattilaisille.[\/et_pb_team_member][\/et_pb_column][\/et_pb_row][et_pb_row _builder_version=&#8221;4.16&#8243; custom_margin=&#8221;0px||0px||false|false&#8221; custom_padding=&#8221;0px||0px||false|false&#8221; global_colors_info=&#8221;{}&#8221;][et_pb_column type=&#8221;4_4&#8243; _builder_version=&#8221;4.16&#8243; global_colors_info=&#8221;{}&#8221;][et_pb_text _builder_version=&#8221;4.16&#8243; global_colors_info=&#8221;{}&#8221;]<\/p>\n<p>Tekniset tiedot:<\/p>\n<table>\n<tbody>\n<tr>\n<td>\n<table>\n<tbody>\n<tr>\n<td>Model<\/td>\n<td>bar<\/td>\n<td>kg<\/td>\n<td>m2<\/td>\n<td>max open<\/td>\n<td>min closed<\/td>\n<td>widht<\/td>\n<td>height open<\/td>\n<td>height tip to tip<\/td>\n<td>Kn\/MPa<\/td>\n<td>Max load<\/td>\n<\/tr>\n<tr>\n<td><a href=\"https:\/\/mesera.fi\/wp-content\/uploads\/2020\/01\/Technical-details-MF26.pdf\">MF26<\/a><\/td>\n<td>250<\/td>\n<td>175<\/td>\n<td>0,25<\/td>\n<td>1492<\/td>\n<td>824<\/td>\n<td>422<\/td>\n<td>718<\/td>\n<td>862<\/td>\n<td>14,2\/25<\/td>\n<td>4500<\/td>\n<\/tr>\n<tr>\n<td><a href=\"https:\/\/mesera.fi\/wp-content\/uploads\/2020\/01\/Technical-details-MF36.pdf\">MF36<\/a><\/td>\n<td>250<\/td>\n<td>185<\/td>\n<td>0,35<\/td>\n<td>1560<\/td>\n<td>932<\/td>\n<td>422<\/td>\n<td>784<\/td>\n<td>925<\/td>\n<td>13,1\/25<\/td>\n<td>4500<\/td>\n<\/tr>\n<tr>\n<td><a href=\"https:\/\/mesera.fi\/wp-content\/uploads\/2020\/01\/Technical-details-MF42.pdf\">MF42<\/a><\/td>\n<td>250<\/td>\n<td>260<\/td>\n<td>0,40<\/td>\n<td>1820<\/td>\n<td>980<\/td>\n<td>548<\/td>\n<td>853<\/td>\n<td>1047<\/td>\n<td>20\/25<\/td>\n<td>6500<\/td>\n<\/tr>\n<tr>\n<td><a href=\"https:\/\/mesera.fi\/wp-content\/uploads\/2020\/09\/Technical-details-MF52.pdf\">MF52<\/a><\/td>\n<td>250<\/td>\n<td>270<\/td>\n<td>0,50<\/td>\n<td>1978<\/td>\n<td>1047<\/td>\n<td>548<\/td>\n<td>811<\/td>\n<td>1078<\/td>\n<td>18,8\/25<\/td>\n<td>6500<\/td>\n<\/tr>\n<tr>\n<td><a href=\"https:\/\/mesera.fi\/wp-content\/uploads\/2020\/09\/Technical-details-ML62.pdf\">ML62<\/a><\/td>\n<td>270<\/td>\n<td>375<\/td>\n<td>0,60<\/td>\n<td>2021<\/td>\n<td>1244<\/td>\n<td>583<\/td>\n<td>1081<\/td>\n<td>1225<\/td>\n<td>24\/27<\/td>\n<td>10 000<\/td>\n<\/tr>\n<tr>\n<td><a href=\"https:\/\/mesera.fi\/wp-content\/uploads\/2020\/09\/Technical-details-ML92.pdf\">ML92<\/a><\/td>\n<td>270<\/td>\n<td>410<\/td>\n<td>0,90<\/td>\n<td>2260<\/td>\n<td>1683<\/td>\n<td>583<\/td>\n<td>1242<\/td>\n<td>1468<\/td>\n<td>22,8\/27<\/td>\n<td>10 000<\/td>\n<\/tr>\n<tr>\n<td><a href=\"https:\/\/mesera.fi\/wp-content\/uploads\/2020\/01\/Technical-details-MR28.pdf\">MR28<\/a><\/td>\n<td>250<\/td>\n<td>205<\/td>\n<td>0,28<\/td>\n<td>1636<\/td>\n<td>853<\/td>\n<td>484<\/td>\n<td>704<\/td>\n<td>879<\/td>\n<td>14,2\/25<\/td>\n<td>4500<\/td>\n<\/tr>\n<\/tbody>\n<\/table>\n<\/td>\n<td><\/td>\n<td><\/td>\n<td><\/td>\n<td><\/td>\n<td><\/td>\n<td><\/td>\n<td><\/td>\n<td><\/td>\n<td><\/td>\n<td><\/td>\n<\/tr>\n<\/tbody>\n<\/table>\n<div style=\"padding-top: 20px; display: flex; justify-content: space-between;\"><a style=\"color: grey!important;\" href=\"#\" target=\"_blank\" rel=\"noopener noreferrer\"><\/a><\/div>\n<p>[\/et_pb_text][\/et_pb_column][\/et_pb_row][et_pb_row _builder_version=&#8221;4.16&#8243; custom_padding=&#8221;60px|||||&#8221; global_colors_info=&#8221;{}&#8221;][et_pb_column type=&#8221;4_4&#8243; _builder_version=&#8221;4.16&#8243; global_colors_info=&#8221;{}&#8221;][et_pb_text _builder_version=&#8221;4.16&#8243; custom_margin=&#8221;||12px|||&#8221; global_colors_info=&#8221;{}&#8221;]<\/p>\n<h1>EU-alueen Kahmari J\u00e4lleenmyyj\u00e4t<\/h1>\n<p>[\/et_pb_text][\/et_pb_column][\/et_pb_row][et_pb_row column_structure=&#8221;1_4,1_4,1_4,1_4&#8243; _builder_version=&#8221;4.16&#8243; custom_padding=&#8221;4px|||||&#8221; global_colors_info=&#8221;{}&#8221;][et_pb_column type=&#8221;1_4&#8243; _builder_version=&#8221;4.16&#8243; global_colors_info=&#8221;{}&#8221;][et_pb_text _builder_version=&#8221;4.16&#8243; custom_margin=&#8221;||0px||false|false&#8221; global_colors_info=&#8221;{}&#8221;]<\/p>\n<h1><strong>Suomi<\/strong><\/h1>\n<p>[\/et_pb_text][et_pb_divider _builder_version=&#8221;4.16&#8243; z_index=&#8221;0&#8243; custom_margin=&#8221;||-2px|||&#8221; global_colors_info=&#8221;{}&#8221;][\/et_pb_divider][et_pb_text _builder_version=&#8221;4.16&#8243; global_colors_info=&#8221;{}&#8221;]<\/p>\n<h3><strong>AFM-Forest Oy<\/strong><\/h3>\n<p>Hakkutie 3<br \/>40320 Jyv\u00e4skyl\u00e4<br \/>Puh. <a data-dtype=\"d3ifr\" data-local-attribute=\"d3ph\" jscontroller=\"cSkPLb\" href=\"https:\/\/www.google.com\/search?q=afm+forest&amp;rlz=1C1AZAA_enFI740FI741&amp;oq=afm+forest&amp;aqs=chrome.0.69i59j46i175i199j0j0i22i30l3j69i60l2.3040j0j7&amp;sourceid=chrome&amp;ie=UTF-8#\" jsdata=\"QKGTRc;_;B6ZWAk\" jsaction=\"rcuQ6b:npT2md;F75qrd\" data-ved=\"2ahUKEwjc5-CG7OvvAhVVkMMKHeaKD24QkAgoADAZegQIGRAD\"><span aria-label=\"Call phone number 020 7659050\" role=\"link\">020 7659050<\/span><\/a><\/p>\n<p>S\u00e4hk\u00f6posti: <a href=\"&#109;a&#x69;l&#x74;o&#x3a;&#69;&#x53;&#65;&#x2e;&#77;A&#x4b;I&#x40;A&#x46;&#77;&#x2d;&#70;&#x4f;&#82;&#x45;&#83;T&#x2e;F&#x49;\"><br \/>j&#97;&#114;&#x69;&#x2e;&#x6c;a&#97;&#112;&#x65;&#x72;&#x69;&#64;a&#102;&#x6d;&#x2d;&#x66;or&#101;&#115;&#x74;&#x2e;&#x66;i<\/a><\/p>\n<p>[\/et_pb_text][\/et_pb_column][et_pb_column type=&#8221;1_4&#8243; _builder_version=&#8221;4.16&#8243; global_colors_info=&#8221;{}&#8221;][et_pb_text _builder_version=&#8221;4.16&#8243; custom_margin=&#8221;||0px||false|false&#8221; global_colors_info=&#8221;{}&#8221;]<\/p>\n<h1><strong>Saksa<\/strong><\/h1>\n<p>[\/et_pb_text][et_pb_divider _builder_version=&#8221;4.16&#8243; z_index=&#8221;0&#8243; custom_margin=&#8221;||-2px|||&#8221; global_colors_info=&#8221;{}&#8221;][\/et_pb_divider][et_pb_text _builder_version=&#8221;4.16&#8243; global_colors_info=&#8221;{}&#8221;]<\/p>\n<h3><strong>Schuchardt Fahrzeugbau GmbH &amp; Co.KG<\/strong><\/h3>\n<p>Dennh\u00e4user Str. 53<br \/>\n34134 Kassel<br \/>\nGermany<\/p>\n<p>Puh. <a href=\"tel:+49 0 561 4007 46 13\">+49 (0) 561 4007 46 13<\/a><\/p>\n<p>S\u00e4hk\u00f6posti: <a href=\"ma&#105;&#108;&#116;&#x6f;&#x3a;&#x6a;&#x75;&#x65;rg&#101;&#110;&#46;&#x6b;&#x75;&#x6e;&#x7a;&#x65;ma&#110;&#110;&#64;&#x73;&#x63;&#x68;&#x75;&#x66;a-&#107;&#97;&#115;&#x73;&#x65;&#x6c;&#x2e;&#x64;e\">juerge&#110;&#46;&#107;&#117;&#110;&#122;&#101;&#x6d;&#x61;&#x6e;&#x6e;&#x40;&#x73;&#x63;&#x68;&#x75;&#x66;&#x61;&#x2d;kassel&#46;&#100;&#101;<\/a>[\/et_pb_text][et_pb_divider _builder_version=&#8221;4.16&#8243; z_index=&#8221;0&#8243; custom_margin=&#8221;||-2px|||&#8221; global_colors_info=&#8221;{}&#8221;][\/et_pb_divider][et_pb_text _builder_version=&#8221;4.16&#8243; global_colors_info=&#8221;{}&#8221;]<\/p>\n<h3><strong>VMD Forest Machinery GmbH<\/strong><\/h3>\n<p>A. Hahler Hafen 4<br \/>\n32427 MINDEN &#8211; WESTF<br \/>\nGermany<\/p>\n<p>Puh. <a href=\"tel:+46705209439\">+46705209439<\/a><\/p>\n<p>S\u00e4hk\u00f6posti:<br \/>\n<a href=\"&#x6d;&#97;&#105;l&#x74;&#x6f;&#58;M&#x49;&#x4b;&#69;&#64;&#x56;&#x4d;&#68;-&#x50;&#x41;&#82;T&#x53;&#x2e;&#68;E\">&#x6d;&#x69;&#x6b;&#101;&#64;&#118;md&#x2d;&#x70;&#x61;&#x72;&#116;&#115;&#46;d&#x65;<\/a>[\/et_pb_text][\/et_pb_column][et_pb_column type=&#8221;1_4&#8243; _builder_version=&#8221;4.16&#8243; global_colors_info=&#8221;{}&#8221;][et_pb_text _builder_version=&#8221;4.16&#8243; custom_margin=&#8221;||0px||false|false&#8221; global_colors_info=&#8221;{}&#8221;]<\/p>\n<h1><strong>Puola<\/strong><\/h1>\n<p>[\/et_pb_text][et_pb_divider _builder_version=&#8221;4.16&#8243; z_index=&#8221;0&#8243; custom_margin=&#8221;||-2px|||&#8221; global_colors_info=&#8221;{}&#8221;][\/et_pb_divider][et_pb_text _builder_version=&#8221;4.16&#8243; global_colors_info=&#8221;{}&#8221;]<\/p>\n<h3><strong>VMD Forest Machinery<\/strong><\/h3>\n<p>Ko\u015bcierska Huta 6F<br \/>\n83-400 Koscierzyna<br \/>\nPoland<\/p>\n<p>Puh. <a href=\"tel:+48 514210860\">+48 514210860<\/a><\/p>\n<p>S\u00e4hk\u00f6posti: <a href=\"m&#97;&#105;&#108;&#x74;&#x6f;&#x3a;in&#102;&#111;&#x40;&#x76;&#x6d;&#x64;-p&#97;&#114;&#x74;&#x73;&#x2e;&#x70;l\">&#105;n&#x66;o&#x40;v&#x6d;d&#x2d;&#112;&#x61;&#114;&#x74;&#115;&#x2e;&#112;l<\/a>[\/et_pb_text][\/et_pb_column][et_pb_column type=&#8221;1_4&#8243; _builder_version=&#8221;4.16&#8243; global_colors_info=&#8221;{}&#8221;][et_pb_text _builder_version=&#8221;4.16&#8243; custom_margin=&#8221;||0px||false|false&#8221; global_colors_info=&#8221;{}&#8221;]<\/p>\n<h1><strong>Viro<\/strong><\/h1>\n<p>[\/et_pb_text][et_pb_divider _builder_version=&#8221;4.16&#8243; z_index=&#8221;0&#8243; custom_margin=&#8221;||-2px|||&#8221; global_colors_info=&#8221;{}&#8221;][\/et_pb_divider][et_pb_text _builder_version=&#8221;4.16&#8243; global_colors_info=&#8221;{}&#8221;]<\/p>\n<h3><strong>Exan AS<\/strong><\/h3>\n<p>VORUN 165\/3<br \/>\n50115 TARTTO<\/p>\n<p>Puh. <a href=\"tel:+3725219659\">+3725219659<\/a><\/p>\n<p>S\u00e4hk\u00f6posti: <a href=\"&#x6d;a&#x69;l&#x74;&#111;&#x3a;&#84;I&#x49;T&#x2e;&#74;&#x59;&#82;&#x47;&#69;N&#x53;O&#x4e;&#64;&#x45;&#88;&#x41;&#x4e;&#46;&#x45;E\">tii&#116;&#46;&#106;&#x79;&#x72;&#x67;&#x65;&#x6e;&#x73;on&#64;&#101;&#120;&#97;&#110;&#x2e;&#x65;&#x65;<\/a>[\/et_pb_text][\/et_pb_column][\/et_pb_row][\/et_pb_section]<\/p>\n","protected":false},"excerpt":{"rendered":"<p>Kahmarit &nbsp;MR28-kahmari on suunniteltu tehokkaaseen materiaalin k\u00e4sittelyyn ja kovakromatut akselit ja kulutuskest\u00e4v\u00e4 ter\u00e4s varmistavat tuotteen kest\u00e4vyyden kovassakin k\u00e4yt\u00f6ss\u00e4. N\u00e4iden lis\u00e4ksi sylinterin vartta suojaavan pohjarakenteen vuoksi t\u00e4m\u00e4 on varma valinta ammattimaiselle materiaalin k\u00e4sittelylle.MF-sarjan kahmarit ovat suunniteltu helppoon ja tehokkaaseen puun k\u00e4sittelyyn. Tuotteperhe MF26, MF36, MF42 ja MF52 varmistavat sen, ett\u00e4 t\u00e4ydellinen valinta jokaiselle k\u00e4ytt\u00e4j\u00e4lle on saatavilla [&hellip;]<\/p>\n","protected":false},"author":1,"featured_media":0,"parent":0,"menu_order":0,"comment_status":"closed","ping_status":"closed","template":"","meta":{"_et_pb_use_builder":"on","_et_pb_old_content":"","_et_gb_content_width":"","footnotes":""},"class_list":["post-1135","page","type-page","status-publish","hentry"],"_links":{"self":[{"href":"https:\/\/mesera.fi\/fi\/wp-json\/wp\/v2\/pages\/1135","targetHints":{"allow":["GET"]}}],"collection":[{"href":"https:\/\/mesera.fi\/fi\/wp-json\/wp\/v2\/pages"}],"about":[{"href":"https:\/\/mesera.fi\/fi\/wp-json\/wp\/v2\/types\/page"}],"author":[{"embeddable":true,"href":"https:\/\/mesera.fi\/fi\/wp-json\/wp\/v2\/users\/1"}],"replies":[{"embeddable":true,"href":"https:\/\/mesera.fi\/fi\/wp-json\/wp\/v2\/comments?post=1135"}],"version-history":[{"count":10,"href":"https:\/\/mesera.fi\/fi\/wp-json\/wp\/v2\/pages\/1135\/revisions"}],"predecessor-version":[{"id":1489,"href":"https:\/\/mesera.fi\/fi\/wp-json\/wp\/v2\/pages\/1135\/revisions\/1489"}],"wp:attachment":[{"href":"https:\/\/mesera.fi\/fi\/wp-json\/wp\/v2\/media?parent=1135"}],"curies":[{"name":"wp","href":"https:\/\/api.w.org\/{rel}","templated":true}]}}