{"id":1122,"date":"2020-02-28T10:51:10","date_gmt":"2020-02-28T10:51:10","guid":{"rendered":"https:\/\/mesera.fi\/yritys\/"},"modified":"2020-02-28T11:14:13","modified_gmt":"2020-02-28T11:14:13","slug":"yritys","status":"publish","type":"page","link":"https:\/\/mesera.fi\/fi\/yritys\/","title":{"rendered":"Yritys"},"content":{"rendered":"<p>[et_pb_section fb_built=&#8221;1&#8243; _builder_version=&#8221;4.0.2&#8243; custom_padding=&#8221;||0px|||&#8221;][et_pb_row _builder_version=&#8221;4.0.2&#8243; custom_padding=&#8221;||0px|||&#8221;][et_pb_column type=&#8221;4_4&#8243; _builder_version=&#8221;4.0.2&#8243;][et_pb_text _builder_version=&#8221;4.0.2&#8243; custom_margin=&#8221;||21px|||&#8221;]<\/p>\n<h3 style=\"text-align: center;\">Mesera Cranes Finland<\/h3>\n<h4 style=\"text-align: center;\">Meseran kaikki toiminta on keskitetty yhteen\u00a0tuotantoyksikk\u00f6\u00f6n joka sijaitsee Paimiossa.<br \/>\nPaimion tehdas on kehitetty palvelemaan asiakkaiden nosturi- ja komponenttihankintoja. Mesera suunnittelee ja valmistaa kaikki nostureissa k\u00e4ytett\u00e4v\u00e4t p\u00e4\u00e4komponentit sek\u00e4 k\u00e4ytt\u00e4\u00e4 pitk\u00e4j\u00e4nteisen yhteisty\u00f6n pohjalta valikoitunutta avainkumppaniverkostoa.<\/h4>\n<h4 style=\"text-align: center;\">N\u00e4iden avulla pystymme varmistamaan laadukkaan tuotteen\u00a0ja sen pitk\u00e4n ja tuottavan k\u00e4yt\u00f6n vaativissakin olosuhteissa. Pitk\u00e4aikainen ja l\u00e4heinen asiakasyhteisty\u00f6\u00a0varmistaa sen, ett\u00e4 asiakas saa juuri haluamansa.<\/h4>\n<h4 style=\"text-align: center;\">Tehdas sijaitsee eritt\u00e4in hyvien kulkuyhteyksien varrella, Helsinki-Turku moottoritien\u00a0l\u00e4heisyydess\u00e4 alle 30km Turusta. Lentokentt\u00e4yhteys l\u00f6ytyy Turusta (30km) ja Helsinki-Vantaalta (150km).<\/h4>\n<p>[\/et_pb_text][\/et_pb_column][\/et_pb_row][et_pb_row _builder_version=&#8221;4.0.2&#8243; custom_padding=&#8221;60px||30px|||&#8221;][et_pb_column type=&#8221;4_4&#8243; _builder_version=&#8221;4.0.2&#8243;][et_pb_text _builder_version=&#8221;4.0.2&#8243;]<\/p>\n<h2>Mesera \u2013 50 vuotta nosturivalmistusta<\/h2>\n<p>[\/et_pb_text][\/et_pb_column][\/et_pb_row][\/et_pb_section][et_pb_section fb_built=&#8221;1&#8243; module_class=&#8221;ds-timeline&#8221; _builder_version=&#8221;4.0.2&#8243; custom_padding=&#8221;1px|0px|40px|10px|false|false&#8221; hover_enabled=&#8221;0&#8243; background_enable_color=&#8221;off&#8221;][et_pb_row use_custom_gutter=&#8221;on&#8221; gutter_width=&#8221;1&#8243; module_class=&#8221;timeline-item speak-soon odd&#8221; _builder_version=&#8221;4.0.2&#8243; hover_enabled=&#8221;0&#8243; column_structure=&#8221;1_2,1_2&#8243;][et_pb_column type=&#8221;1_2&#8243; module_class=&#8221;col-date&#8221; _builder_version=&#8221;3.25&#8243; custom_padding=&#8221;|||&#8221; custom_padding__hover=&#8221;|||&#8221;][et_pb_text _builder_version=&#8221;4.0.2&#8243; custom_margin=&#8221;||0px||false|false&#8221; hover_enabled=&#8221;0&#8243;]<\/p>\n<h3><strong>1964<\/strong><\/h3>\n<h4>Auto- ja puutavaranosturien kehitysty\u00f6n aloitus<\/h4>\n<p>[\/et_pb_text][\/et_pb_column][et_pb_column type=&#8221;1_2&#8243; module_class=&#8221;col-details&#8221; _builder_version=&#8221;3.25&#8243; custom_padding=&#8221;|||&#8221; custom_padding__hover=&#8221;|||&#8221;][\/et_pb_column][\/et_pb_row][et_pb_row use_custom_gutter=&#8221;on&#8221; gutter_width=&#8221;1&#8243; module_class=&#8221;timeline-item speak-soon odd&#8221; _builder_version=&#8221;4.0.2&#8243; background_size=&#8221;initial&#8221; background_position=&#8221;top_left&#8221; background_repeat=&#8221;repeat&#8221; hover_enabled=&#8221;0&#8243; column_structure=&#8221;1_2,1_2&#8243;][et_pb_column type=&#8221;1_2&#8243; module_class=&#8221;col-date&#8221; _builder_version=&#8221;3.25&#8243; custom_padding=&#8221;|||&#8221; custom_padding__hover=&#8221;|||&#8221;][\/et_pb_column][et_pb_column type=&#8221;1_2&#8243; module_class=&#8221;col-details&#8221; _builder_version=&#8221;3.25&#8243; custom_padding=&#8221;|||&#8221; custom_padding__hover=&#8221;|||&#8221;][et_pb_text _builder_version=&#8221;4.0.2&#8243; custom_margin=&#8221;||0px||false|false&#8221;]<\/p>\n<h3><strong>1965<\/strong><\/h3>\n<h4>Ensimm\u00e4inen Fiskars mets\u00e4traktori F 6000 S &#8221;Tukkikurjella&#8221;<\/h4>\n<p>[\/et_pb_text][\/et_pb_column][\/et_pb_row][et_pb_row use_custom_gutter=&#8221;on&#8221; gutter_width=&#8221;1&#8243; module_class=&#8221;timeline-item speak-soon odd&#8221; _builder_version=&#8221;4.0.2&#8243; hover_enabled=&#8221;0&#8243; column_structure=&#8221;1_2,1_2&#8243;][et_pb_column type=&#8221;1_2&#8243; module_class=&#8221;col-date&#8221; _builder_version=&#8221;3.25&#8243; custom_padding=&#8221;|||&#8221; custom_padding__hover=&#8221;|||&#8221;][et_pb_text _builder_version=&#8221;4.0.2&#8243; custom_margin=&#8221;||0px||false|false&#8221;]<\/p>\n<h3><strong>1969<\/strong><\/h3>\n<h4>Vientitoiminnan aloittaminen (It\u00e4vallan maahantuonti, Hubert Palfinger) sek\u00e4 lis\u00e4varusteiden hallinta (mm. kahmari, juontovintturi, rotaattori)<\/h4>\n<p>[\/et_pb_text][\/et_pb_column][et_pb_column type=&#8221;1_2&#8243; module_class=&#8221;col-details&#8221; _builder_version=&#8221;3.25&#8243; custom_padding=&#8221;|||&#8221; custom_padding__hover=&#8221;|||&#8221;][\/et_pb_column][\/et_pb_row][et_pb_row use_custom_gutter=&#8221;on&#8221; gutter_width=&#8221;1&#8243; module_class=&#8221;timeline-item speak-soon odd&#8221; _builder_version=&#8221;4.0.2&#8243; hover_enabled=&#8221;0&#8243; column_structure=&#8221;1_2,1_2&#8243;][et_pb_column type=&#8221;1_2&#8243; module_class=&#8221;col-date&#8221; _builder_version=&#8221;3.25&#8243; custom_padding=&#8221;|||&#8221; custom_padding__hover=&#8221;|||&#8221;][\/et_pb_column][et_pb_column type=&#8221;1_2&#8243; module_class=&#8221;col-details&#8221; _builder_version=&#8221;3.25&#8243; custom_padding=&#8221;|||&#8221; custom_padding__hover=&#8221;|||&#8221;][et_pb_text _builder_version=&#8221;4.0.2&#8243; custom_margin=&#8221;||0px||false|false&#8221;]<\/p>\n<h3><strong>1971<\/strong><\/h3>\n<h4>Mets\u00e4- ja hydraulinosturien tuotannon siirto Saloon<br \/>\n<\/h4>\n<p>[\/et_pb_text][\/et_pb_column][\/et_pb_row][et_pb_row use_custom_gutter=&#8221;on&#8221; gutter_width=&#8221;1&#8243; module_class=&#8221;timeline-item speak-soon odd&#8221; _builder_version=&#8221;4.0.2&#8243; hover_enabled=&#8221;0&#8243; column_structure=&#8221;1_2,1_2&#8243;][et_pb_column type=&#8221;1_2&#8243; module_class=&#8221;col-date&#8221; _builder_version=&#8221;3.25&#8243; custom_padding=&#8221;|||&#8221; custom_padding__hover=&#8221;|||&#8221;][et_pb_text _builder_version=&#8221;4.0.2&#8243; custom_margin=&#8221;||0px||false|false&#8221;]<\/p>\n<h3><strong>1973<\/strong><\/h3>\n<h4>Ter\u00e4svalun ja ter\u00e4srakenteen hy\u00f6dynt\u00e4minen jalusta- ja pylv\u00e4srakenteissa<\/h4>\n<p>[\/et_pb_text][\/et_pb_column][et_pb_column type=&#8221;1_2&#8243; module_class=&#8221;col-details&#8221; _builder_version=&#8221;3.25&#8243; custom_padding=&#8221;|||&#8221; custom_padding__hover=&#8221;|||&#8221;][\/et_pb_column][\/et_pb_row][et_pb_row use_custom_gutter=&#8221;on&#8221; gutter_width=&#8221;1&#8243; module_class=&#8221;timeline-item speak-soon odd&#8221; _builder_version=&#8221;4.0.2&#8243; hover_enabled=&#8221;0&#8243; column_structure=&#8221;1_2,1_2&#8243;][et_pb_column type=&#8221;1_2&#8243; module_class=&#8221;col-date&#8221; _builder_version=&#8221;3.25&#8243; custom_padding=&#8221;|||&#8221; custom_padding__hover=&#8221;|||&#8221;][\/et_pb_column][et_pb_column type=&#8221;1_2&#8243; module_class=&#8221;col-details&#8221; _builder_version=&#8221;3.25&#8243; custom_padding=&#8221;|||&#8221; custom_padding__hover=&#8221;|||&#8221;][et_pb_text _builder_version=&#8221;4.0.2&#8243; custom_margin=&#8221;||0px||false|false&#8221; hover_enabled=&#8221;0&#8243;]<\/p>\n<h3><strong>1976<\/strong><\/h3>\n<h4>Ensimm\u00e4iset mets\u00e4konenosturien prototyypit Salosta<\/h4>\n<p>[\/et_pb_text][\/et_pb_column][\/et_pb_row][et_pb_row use_custom_gutter=&#8221;on&#8221; gutter_width=&#8221;1&#8243; module_class=&#8221;timeline-item speak-soon odd&#8221; _builder_version=&#8221;4.0.2&#8243; hover_enabled=&#8221;0&#8243; column_structure=&#8221;1_2,1_2&#8243;][et_pb_column type=&#8221;1_2&#8243; module_class=&#8221;col-date&#8221; _builder_version=&#8221;3.25&#8243; custom_padding=&#8221;|||&#8221; custom_padding__hover=&#8221;|||&#8221;][et_pb_text _builder_version=&#8221;4.0.2&#8243; custom_margin=&#8221;||0px||false|false&#8221;]<\/p>\n<h3><strong>1988<\/strong><\/h3>\n<h4>Maaliskuussa 1988 Partek ostaa Fiskarsin Salon Konepajan ja hydraulisten puutavaranosturien valmistuksen. Puutavaranosturien tuotanto jatkuu nimell\u00e4 Loglift Oy Ab -toiminimell\u00e4.<\/h4>\n<p>[\/et_pb_text][\/et_pb_column][et_pb_column type=&#8221;1_2&#8243; module_class=&#8221;col-details&#8221; _builder_version=&#8221;3.25&#8243; custom_padding=&#8221;|||&#8221; custom_padding__hover=&#8221;|||&#8221;][\/et_pb_column][\/et_pb_row][et_pb_row use_custom_gutter=&#8221;on&#8221; gutter_width=&#8221;1&#8243; module_class=&#8221;timeline-item speak-soon odd&#8221; _builder_version=&#8221;4.0.2&#8243; hover_enabled=&#8221;0&#8243; column_structure=&#8221;1_2,1_2&#8243;][et_pb_column type=&#8221;1_2&#8243; module_class=&#8221;col-date&#8221; _builder_version=&#8221;3.25&#8243; custom_padding=&#8221;|||&#8221; custom_padding__hover=&#8221;|||&#8221;][\/et_pb_column][et_pb_column type=&#8221;1_2&#8243; module_class=&#8221;col-details&#8221; _builder_version=&#8221;3.25&#8243; custom_padding=&#8221;|||&#8221; custom_padding__hover=&#8221;|||&#8221;][et_pb_text _builder_version=&#8221;4.0.2&#8243; custom_margin=&#8221;||0px||false|false&#8221;]<\/p>\n<h3><strong>1990<\/strong><\/h3>\n<h4>Yhteisty\u00f6hanke Logliftin ja FMG-Timberjackin (my\u00f6hemmin John Deere) kanssa<\/h4>\n<p>[\/et_pb_text][\/et_pb_column][\/et_pb_row][et_pb_row use_custom_gutter=&#8221;on&#8221; gutter_width=&#8221;1&#8243; module_class=&#8221;timeline-item speak-soon odd&#8221; _builder_version=&#8221;4.0.2&#8243; hover_enabled=&#8221;0&#8243; column_structure=&#8221;1_2,1_2&#8243;][et_pb_column type=&#8221;1_2&#8243; module_class=&#8221;col-date&#8221; _builder_version=&#8221;3.25&#8243; custom_padding=&#8221;|||&#8221; custom_padding__hover=&#8221;|||&#8221;][et_pb_text _builder_version=&#8221;4.0.2&#8243; custom_margin=&#8221;||0px||false|false&#8221;]<\/p>\n<h3><strong>1992<\/strong><\/h3>\n<h4>Timberjack nostureiden valmistus Salossa vuoteen 1998 asti<\/h4>\n<p>[\/et_pb_text][\/et_pb_column][et_pb_column type=&#8221;1_2&#8243; module_class=&#8221;col-details&#8221; _builder_version=&#8221;3.25&#8243; custom_padding=&#8221;|||&#8221; custom_padding__hover=&#8221;|||&#8221;][\/et_pb_column][\/et_pb_row][et_pb_row use_custom_gutter=&#8221;on&#8221; gutter_width=&#8221;1&#8243; module_class=&#8221;timeline-item speak-soon odd&#8221; _builder_version=&#8221;4.0.2&#8243; hover_enabled=&#8221;0&#8243; column_structure=&#8221;1_2,1_2&#8243;][et_pb_column type=&#8221;1_2&#8243; module_class=&#8221;col-date&#8221; _builder_version=&#8221;3.25&#8243; custom_padding=&#8221;|||&#8221; custom_padding__hover=&#8221;|||&#8221;][\/et_pb_column][et_pb_column type=&#8221;1_2&#8243; module_class=&#8221;col-details&#8221; _builder_version=&#8221;3.25&#8243; custom_padding=&#8221;|||&#8221; custom_padding__hover=&#8221;|||&#8221;][et_pb_text _builder_version=&#8221;4.0.2&#8243; custom_margin=&#8221;||0px||false|false&#8221;]<\/p>\n<h3><strong>1993<\/strong><\/h3>\n<h4>Det Norske Veritas hyv\u00e4ksyi ISO 9001 -laatuj\u00e4rjestelm\u00e4n<\/h4>\n<p>[\/et_pb_text][\/et_pb_column][\/et_pb_row][et_pb_row use_custom_gutter=&#8221;on&#8221; gutter_width=&#8221;1&#8243; module_class=&#8221;timeline-item speak-soon odd&#8221; _builder_version=&#8221;4.0.2&#8243; hover_enabled=&#8221;0&#8243; column_structure=&#8221;1_2,1_2&#8243;][et_pb_column type=&#8221;1_2&#8243; module_class=&#8221;col-date&#8221; _builder_version=&#8221;3.25&#8243; custom_padding=&#8221;|||&#8221; custom_padding__hover=&#8221;|||&#8221;][et_pb_text _builder_version=&#8221;4.0.2&#8243; custom_margin=&#8221;||0px||false|false&#8221;]<\/p>\n<h3><strong>1997<\/strong><\/h3>\n<h4>Partek hankkii omistukseensa Oy Sisu Ab:n (mm. Valmetin mets\u00e4konenosturit). Mets\u00e4konenostureiden valmistus yhdess\u00e4 ruotsalaisten kanssa vuoteen 2004 asti (..Komatsu Ltd. hankkii Valmet mets\u00e4konenosturi-konseptin).<\/h4>\n<p>[\/et_pb_text][\/et_pb_column][et_pb_column type=&#8221;1_2&#8243; module_class=&#8221;col-details&#8221; _builder_version=&#8221;3.25&#8243; custom_padding=&#8221;|||&#8221; custom_padding__hover=&#8221;|||&#8221;][\/et_pb_column][\/et_pb_row][et_pb_row use_custom_gutter=&#8221;on&#8221; gutter_width=&#8221;1&#8243; module_class=&#8221;timeline-item speak-soon odd&#8221; _builder_version=&#8221;4.0.2&#8243; hover_enabled=&#8221;0&#8243; column_structure=&#8221;1_2,1_2&#8243;][et_pb_column type=&#8221;1_2&#8243; module_class=&#8221;col-date&#8221; _builder_version=&#8221;3.25&#8243; custom_padding=&#8221;|||&#8221; custom_padding__hover=&#8221;|||&#8221;][\/et_pb_column][et_pb_column type=&#8221;1_2&#8243; module_class=&#8221;col-details&#8221; _builder_version=&#8221;3.25&#8243; custom_padding=&#8221;|||&#8221; custom_padding__hover=&#8221;|||&#8221;][et_pb_text _builder_version=&#8221;4.0.2&#8243; custom_margin=&#8221;||0px||false|false&#8221;]<\/p>\n<h3><strong>2009<\/strong><\/h3>\n<h4>Syyskuussa 2009 Loglift ulkoistaa autonosturien komponenttivalmistuksen ja mets\u00e4nosturi-liiketoiminnan Meseralle<\/h4>\n<p>[\/et_pb_text][\/et_pb_column][\/et_pb_row][et_pb_row use_custom_gutter=&#8221;on&#8221; gutter_width=&#8221;1&#8243; module_class=&#8221;timeline-item speak-soon odd&#8221; _builder_version=&#8221;4.0.2&#8243; hover_enabled=&#8221;0&#8243; column_structure=&#8221;1_2,1_2&#8243;][et_pb_column type=&#8221;1_2&#8243; module_class=&#8221;col-date&#8221; _builder_version=&#8221;3.25&#8243; custom_padding=&#8221;|||&#8221; custom_padding__hover=&#8221;|||&#8221;][et_pb_text _builder_version=&#8221;4.0.2&#8243; custom_margin=&#8221;||0px||false|false&#8221;]<\/p>\n<h3><strong>2010<\/strong><\/h3>\n<h4>Mesera julkistaa ensimm\u00e4isen oman innovatiivisen mets\u00e4nosturimallin, M240H harvesterinosturi<\/h4>\n<p>[\/et_pb_text][\/et_pb_column][et_pb_column type=&#8221;1_2&#8243; module_class=&#8221;col-details&#8221; _builder_version=&#8221;3.25&#8243; custom_padding=&#8221;|||&#8221; custom_padding__hover=&#8221;|||&#8221;][\/et_pb_column][\/et_pb_row][et_pb_row use_custom_gutter=&#8221;on&#8221; gutter_width=&#8221;1&#8243; module_class=&#8221;timeline-item speak-soon odd&#8221; _builder_version=&#8221;4.0.2&#8243; hover_enabled=&#8221;0&#8243; column_structure=&#8221;1_2,1_2&#8243;][et_pb_column type=&#8221;1_2&#8243; module_class=&#8221;col-date&#8221; _builder_version=&#8221;3.25&#8243; custom_padding=&#8221;|||&#8221; custom_padding__hover=&#8221;|||&#8221;][\/et_pb_column][et_pb_column type=&#8221;1_2&#8243; module_class=&#8221;col-details&#8221; _builder_version=&#8221;3.25&#8243; custom_padding=&#8221;|||&#8221; custom_padding__hover=&#8221;|||&#8221;][et_pb_text _builder_version=&#8221;4.0.2&#8243; custom_margin=&#8221;||0px||false|false&#8221;]<\/p>\n<h3><strong>2013<\/strong><\/h3>\n<h4>Mesera siirt\u00e4\u00e4 nosturituotannon Salosta Paimioon<\/h4>\n<p>[\/et_pb_text][\/et_pb_column][\/et_pb_row][et_pb_row use_custom_gutter=&#8221;on&#8221; gutter_width=&#8221;1&#8243; module_class=&#8221;timeline-item speak-soon odd&#8221; _builder_version=&#8221;4.0.2&#8243; hover_enabled=&#8221;0&#8243; column_structure=&#8221;1_2,1_2&#8243;][et_pb_column type=&#8221;1_2&#8243; module_class=&#8221;col-date&#8221; _builder_version=&#8221;3.25&#8243; custom_padding=&#8221;|||&#8221; custom_padding__hover=&#8221;|||&#8221;][et_pb_text _builder_version=&#8221;4.0.2&#8243; custom_margin=&#8221;||0px||false|false&#8221;]<\/p>\n<h3><strong>2015<\/strong><\/h3>\n<h4>Mesera &#8211; 50 vuotta nosturivalmistusta<\/h4>\n<p>[\/et_pb_text][\/et_pb_column][et_pb_column type=&#8221;1_2&#8243; module_class=&#8221;col-details&#8221; _builder_version=&#8221;3.25&#8243; custom_padding=&#8221;|||&#8221; custom_padding__hover=&#8221;|||&#8221;][\/et_pb_column][\/et_pb_row][et_pb_row use_custom_gutter=&#8221;on&#8221; gutter_width=&#8221;1&#8243; module_class=&#8221;timeline-item speak-soon odd&#8221; _builder_version=&#8221;4.0.2&#8243; hover_enabled=&#8221;0&#8243; column_structure=&#8221;1_2,1_2&#8243;][et_pb_column type=&#8221;1_2&#8243; module_class=&#8221;col-date&#8221; _builder_version=&#8221;3.25&#8243; custom_padding=&#8221;|||&#8221; custom_padding__hover=&#8221;|||&#8221;][\/et_pb_column][et_pb_column type=&#8221;1_2&#8243; module_class=&#8221;col-details&#8221; _builder_version=&#8221;3.25&#8243; custom_padding=&#8221;|||&#8221; custom_padding__hover=&#8221;|||&#8221;][et_pb_text _builder_version=&#8221;4.0.2&#8243; custom_margin=&#8221;||0px||false|false&#8221;]<\/p>\n<p>[\/et_pb_text][\/et_pb_column][\/et_pb_row][\/et_pb_section]<\/p>\n","protected":false},"excerpt":{"rendered":"<p>Mesera Cranes Finland Meseran kaikki toiminta on keskitetty yhteen\u00a0tuotantoyksikk\u00f6\u00f6n joka sijaitsee Paimiossa. Paimion tehdas on kehitetty palvelemaan asiakkaiden nosturi- ja komponenttihankintoja. Mesera suunnittelee ja valmistaa kaikki nostureissa k\u00e4ytett\u00e4v\u00e4t p\u00e4\u00e4komponentit sek\u00e4 k\u00e4ytt\u00e4\u00e4 pitk\u00e4j\u00e4nteisen yhteisty\u00f6n pohjalta valikoitunutta avainkumppaniverkostoa. N\u00e4iden avulla pystymme varmistamaan laadukkaan tuotteen\u00a0ja sen pitk\u00e4n ja tuottavan k\u00e4yt\u00f6n vaativissakin olosuhteissa. Pitk\u00e4aikainen ja l\u00e4heinen asiakasyhteisty\u00f6\u00a0varmistaa sen, ett\u00e4 [&hellip;]<\/p>\n","protected":false},"author":1,"featured_media":0,"parent":0,"menu_order":0,"comment_status":"closed","ping_status":"closed","template":"","meta":{"_et_pb_use_builder":"on","_et_pb_old_content":"","_et_gb_content_width":"","footnotes":""},"class_list":["post-1122","page","type-page","status-publish","hentry"],"_links":{"self":[{"href":"https:\/\/mesera.fi\/fi\/wp-json\/wp\/v2\/pages\/1122","targetHints":{"allow":["GET"]}}],"collection":[{"href":"https:\/\/mesera.fi\/fi\/wp-json\/wp\/v2\/pages"}],"about":[{"href":"https:\/\/mesera.fi\/fi\/wp-json\/wp\/v2\/types\/page"}],"author":[{"embeddable":true,"href":"https:\/\/mesera.fi\/fi\/wp-json\/wp\/v2\/users\/1"}],"replies":[{"embeddable":true,"href":"https:\/\/mesera.fi\/fi\/wp-json\/wp\/v2\/comments?post=1122"}],"version-history":[{"count":3,"href":"https:\/\/mesera.fi\/fi\/wp-json\/wp\/v2\/pages\/1122\/revisions"}],"predecessor-version":[{"id":1140,"href":"https:\/\/mesera.fi\/fi\/wp-json\/wp\/v2\/pages\/1122\/revisions\/1140"}],"wp:attachment":[{"href":"https:\/\/mesera.fi\/fi\/wp-json\/wp\/v2\/media?parent=1122"}],"curies":[{"name":"wp","href":"https:\/\/api.w.org\/{rel}","templated":true}]}}