{"id":1111,"date":"2020-02-28T09:58:15","date_gmt":"2020-02-28T09:58:15","guid":{"rendered":"https:\/\/mesera.fi\/ratkaisut\/"},"modified":"2020-02-28T09:58:16","modified_gmt":"2020-02-28T09:58:16","slug":"ratkaisut","status":"publish","type":"page","link":"https:\/\/mesera.fi\/fi\/ratkaisut\/","title":{"rendered":"Ratkaisut"},"content":{"rendered":"<p>[et_pb_section fb_built=&#8221;1&#8243; _builder_version=&#8221;4.0.2&#8243;][et_pb_row column_structure=&#8221;1_2,1_2&#8243; _builder_version=&#8221;4.0.2&#8243; custom_padding=&#8221;||60px|||&#8221;][et_pb_column type=&#8221;1_2&#8243; _builder_version=&#8221;4.0.2&#8243;][et_pb_text _builder_version=&#8221;4.0.2&#8243;]<\/p>\n<h1>Ratkaisut<\/h1>\n<p>Meseralla on useita hakkureihin sopivia malleja, joista uusin M142FT 104 i tarjoaa voimaa ja pitk\u00e4\u00e4 ulottumaa vaativiin k\u00e4ytt\u00f6ihin. Suomen ankarat olosuhteet asettavat tiukat vaatimukset nostureille, ja kovaan k\u00e4ytt\u00f6\u00f6n suunnitellut mets\u00e4konenosturit toimivatkin hakkurik\u00e4yt\u00f6ss\u00e4 hyvin.<\/p>\n<p>Kuvassa Ideachip Oy:n asentama M142FT 103 i Jenzin autohakkurissa.<\/p>\n<p>[\/et_pb_text][\/et_pb_column][et_pb_column type=&#8221;1_2&#8243; _builder_version=&#8221;4.0.2&#8243;][et_pb_image src=&#8221;https:\/\/mesera.fi\/wp-content\/uploads\/2019\/10\/chippers.jpg&#8221; _builder_version=&#8221;4.0.2&#8243; hover_enabled=&#8221;0&#8243; width=&#8221;80%&#8221; width_last_edited=&#8221;on|tablet&#8221; width_tablet=&#8221;100%&#8221;][\/et_pb_image][\/et_pb_column][\/et_pb_row][et_pb_row _builder_version=&#8221;4.0.2&#8243; custom_padding=&#8221;3px|||||&#8221;][et_pb_column type=&#8221;4_4&#8243; _builder_version=&#8221;4.0.2&#8243;][et_pb_text _builder_version=&#8221;4.0.2&#8243; custom_margin=&#8221;||12px|||&#8221;]<\/p>\n<h1>Teollisuusk\u00e4ytt\u00f6 &amp; Projektit<\/h1>\n<p>[\/et_pb_text][et_pb_image src=&#8221;https:\/\/mesera.fi\/wp-content\/uploads\/2019\/10\/mesera_solutions.jpg&#8221; _builder_version=&#8221;4.0.2&#8243;][\/et_pb_image][\/et_pb_column][\/et_pb_row][\/et_pb_section]<\/p>\n","protected":false},"excerpt":{"rendered":"<p>Ratkaisut Meseralla on useita hakkureihin sopivia malleja, joista uusin M142FT 104 i tarjoaa voimaa ja pitk\u00e4\u00e4 ulottumaa vaativiin k\u00e4ytt\u00f6ihin. Suomen ankarat olosuhteet asettavat tiukat vaatimukset nostureille, ja kovaan k\u00e4ytt\u00f6\u00f6n suunnitellut mets\u00e4konenosturit toimivatkin hakkurik\u00e4yt\u00f6ss\u00e4 hyvin. Kuvassa Ideachip Oy:n asentama M142FT 103 i Jenzin autohakkurissa.Teollisuusk\u00e4ytt\u00f6 &amp; Projektit<\/p>\n","protected":false},"author":1,"featured_media":0,"parent":0,"menu_order":0,"comment_status":"closed","ping_status":"closed","template":"","meta":{"_et_pb_use_builder":"on","_et_pb_old_content":"","_et_gb_content_width":"","footnotes":""},"class_list":["post-1111","page","type-page","status-publish","hentry"],"_links":{"self":[{"href":"https:\/\/mesera.fi\/fi\/wp-json\/wp\/v2\/pages\/1111","targetHints":{"allow":["GET"]}}],"collection":[{"href":"https:\/\/mesera.fi\/fi\/wp-json\/wp\/v2\/pages"}],"about":[{"href":"https:\/\/mesera.fi\/fi\/wp-json\/wp\/v2\/types\/page"}],"author":[{"embeddable":true,"href":"https:\/\/mesera.fi\/fi\/wp-json\/wp\/v2\/users\/1"}],"replies":[{"embeddable":true,"href":"https:\/\/mesera.fi\/fi\/wp-json\/wp\/v2\/comments?post=1111"}],"version-history":[{"count":1,"href":"https:\/\/mesera.fi\/fi\/wp-json\/wp\/v2\/pages\/1111\/revisions"}],"predecessor-version":[{"id":1113,"href":"https:\/\/mesera.fi\/fi\/wp-json\/wp\/v2\/pages\/1111\/revisions\/1113"}],"wp:attachment":[{"href":"https:\/\/mesera.fi\/fi\/wp-json\/wp\/v2\/media?parent=1111"}],"curies":[{"name":"wp","href":"https:\/\/api.w.org\/{rel}","templated":true}]}}