{"id":1106,"date":"2020-02-28T09:03:03","date_gmt":"2020-02-28T09:03:03","guid":{"rendered":"https:\/\/mesera.fi\/juontokoneet\/"},"modified":"2023-05-29T15:08:35","modified_gmt":"2023-05-29T12:08:35","slug":"juontokoneet","status":"publish","type":"page","link":"https:\/\/mesera.fi\/fi\/juontokoneet\/","title":{"rendered":"Juontokoneet"},"content":{"rendered":"<p>[et_pb_section fb_built=&#8221;1&#8243; _builder_version=&#8221;4.16&#8243; global_colors_info=&#8221;{}&#8221;][et_pb_row column_structure=&#8221;1_2,1_2&#8243; custom_padding_last_edited=&#8221;on|tablet&#8221; module_class=&#8221;reverse&#8221; _builder_version=&#8221;4.16&#8243; custom_padding=&#8221;||60px|||&#8221; custom_padding_tablet=&#8221;||0px||false|false&#8221; custom_padding_phone=&#8221;&#8221; global_colors_info=&#8221;{}&#8221;][et_pb_column type=&#8221;1_2&#8243; _builder_version=&#8221;4.16&#8243; global_colors_info=&#8221;{}&#8221;][et_pb_text _builder_version=&#8221;4.16&#8243; global_colors_info=&#8221;{}&#8221;]<\/p>\n<h1>Juontokoneet<\/h1>\n<p>Juontokonenosturit on tarkoitettu l\u00e4hinn\u00e4 keski-euroopan markkinoille, Suomessa ei t\u00e4t\u00e4 menetelm\u00e4\u00e4 k\u00e4ytet\u00e4.<\/p>\n<p>Meseralla on 7 juontonosturimallia, joista uusimmat mallit 112R &#8211; 212R on varustettu sis\u00e4puolisella letkutuksella. Uusimmat mallit M122R, M142R sek\u00e4 M212R on julkaistu 2020.<\/p>\n<p>[\/et_pb_text][et_pb_text _builder_version=&#8221;4.16&#8243; custom_margin=&#8221;||12px|||&#8221; global_colors_info=&#8221;{}&#8221;]<\/p>\n<h3><strong>Esitteet<\/strong><\/h3>\n<p><a href=\"\/wp-content\/uploads\/2020\/01\/Mesera_2015.pdf\" target=\"_blank\" rel=\"noopener noreferrer\"><strong>Yleisesite Englanti \/ Ruotsi \/ Ranska<\/strong><\/a><br \/>\n<a href=\"\/wp-content\/uploads\/2020\/01\/Mesera_2015_GER.pdf\" target=\"_blank\" rel=\"noopener noreferrer\"><strong>Saksa<\/strong><\/a>[\/et_pb_text][\/et_pb_column][et_pb_column type=&#8221;1_2&#8243; _builder_version=&#8221;4.16&#8243; global_colors_info=&#8221;{}&#8221;][et_pb_image src=&#8221;https:\/\/mesera.fi\/wp-content\/uploads\/2020\/01\/skidder.png&#8221; _builder_version=&#8221;4.16&#8243; global_colors_info=&#8221;{}&#8221;][\/et_pb_image][\/et_pb_column][\/et_pb_row][et_pb_row _builder_version=&#8221;4.16&#8243; custom_padding=&#8221;3px|||||&#8221; global_colors_info=&#8221;{}&#8221;][et_pb_column type=&#8221;4_4&#8243; _builder_version=&#8221;4.16&#8243; global_colors_info=&#8221;{}&#8221;][et_pb_text module_class=&#8221;producttable&#8221; _builder_version=&#8221;4.16&#8243; custom_margin=&#8221;||12px|||&#8221; global_colors_info=&#8221;{}&#8221;]<\/p>\n<h2>Tekniset tiedot<\/h2>\n<p>Klikkaa tarkemmat tekniset tiedot n\u00e4kyviin alla olevasta taulukosta (ulottuma \u2013 max nostokyky, kg)<\/p>\n<p>[\/et_pb_text][et_pb_text module_class=&#8221;producttable&#8221; _builder_version=&#8221;4.21.0&#8243; custom_margin=&#8221;||12px|||&#8221; hover_enabled=&#8221;0&#8243; custom_css_main_element=&#8221;overflow-x:auto;&#8221; global_colors_info=&#8221;{}&#8221; sticky_enabled=&#8221;0&#8243;]&nbsp;<\/p>\n<table style=\"width: 100%;\">\n<tbody>\n<tr>\n<th style=\"width: 7.65%;\"><\/th>\n<th style=\"width: 7.65%;\">5.1<\/th>\n<th style=\"width: 7.65%;\">5.6<\/th>\n<th style=\"width: 7.65%;\">6.5<\/th>\n<th style=\"width: 7.65%;\">6.8<\/th>\n<th style=\"width: 7.65%;\">7.3<\/th>\n<th style=\"width: 7.65%;\">7.4<\/th>\n<th style=\"width: 7.65%;\">8.0<\/th>\n<th style=\"width: 7.65%;\">8.7<\/th>\n<th style=\"width: 7.65%;\">9.0<\/th>\n<th style=\"width: 7.65%;\">9.5<\/th>\n<th style=\"width: 7.65%;\">9.8<\/th>\n<th style=\"width: 7.65%;\">10.1<\/th>\n<\/tr>\n<tr>\n<td style=\"width: 10.6244%;\">61 R<\/td>\n<td style=\"width: 9.41286%;\"><a href=\"\/wp-content\/uploads\/2020\/01\/F61R51_460541_4.pdf\" target=\"_blank\" rel=\"noopener noreferrer\">1250<\/a><\/td>\n<td style=\"width: 9.97204%;\"><a href=\"\/wp-content\/uploads\/2020\/01\/F61R56_460581_3.pdf\" target=\"_blank\" rel=\"noopener noreferrer\">1080<\/a><\/td>\n<td style=\"width: 9.97204%;\"><a href=\"\/wp-content\/uploads\/2020\/01\/F61RT65_460552_2.pdf\" target=\"_blank\" rel=\"noopener noreferrer\">800<\/a><\/td>\n<td style=\"width: 9.50606%;\"><\/td>\n<td style=\"width: 9.69245%;\"><\/td>\n<td style=\"width: 9.04007%;\"><\/td>\n<td style=\"width: 9.22647%;\"><\/td>\n<td style=\"width: 10.0652%;\"><\/td>\n<td style=\"width: 4.52004%;\"><\/td>\n<td style=\"width: 4.52004%;\"><\/td>\n<td style=\"width: 0.51258%;\"><\/td>\n<td style=\"width: 0.943396%;\"><\/td>\n<\/tr>\n<tr>\n<td style=\"width: 10.6244%;\">81 R<\/td>\n<td style=\"width: 9.41286%;\"><a href=\"\/wp-content\/uploads\/2020\/01\/F81R51_460502_3.pdf\" target=\"_blank\" rel=\"noopener noreferrer\">1510<\/a><\/td>\n<td style=\"width: 9.97204%;\"><a href=\"\/wp-content\/uploads\/2020\/01\/F81R56_460591_3.pdf\" target=\"_blank\" rel=\"noopener noreferrer\">1310<\/a><\/td>\n<td style=\"width: 9.97204%;\"><a href=\"\/wp-content\/uploads\/2020\/01\/F81RT65_460513_2.pdf\" target=\"_blank\" rel=\"noopener noreferrer\">1000<\/a><\/td>\n<td style=\"width: 9.50606%;\"><\/td>\n<td style=\"width: 9.69245%;\"><\/td>\n<td style=\"width: 9.04007%;\"><\/td>\n<td style=\"width: 9.22647%;\"><\/td>\n<td style=\"width: 10.0652%;\"><\/td>\n<td style=\"width: 4.52004%;\"><\/td>\n<td style=\"width: 4.52004%;\"><\/td>\n<td style=\"width: 0.51258%;\"><\/td>\n<td style=\"width: 0.943396%;\"><\/td>\n<\/tr>\n<tr>\n<td style=\"width: 10.6244%;\">112 R<\/td>\n<td style=\"width: 9.41286%;\"><\/td>\n<td style=\"width: 9.97204%;\"><\/td>\n<td style=\"width: 9.97204%;\"><\/td>\n<td style=\"width: 9.50606%;\"><a href=\"\/wp-content\/uploads\/2020\/01\/112R68i_7080581_2.pdf\" target=\"_blank\" rel=\"noopener noreferrer\">1590<\/a><\/td>\n<td style=\"width: 9.69245%;\"><\/td>\n<td style=\"width: 9.04007%;\"><a href=\"\/wp-content\/uploads\/2020\/01\/112RT74i_7080591_2.pdf\" target=\"_blank\" rel=\"noopener noreferrer\">1410<\/a><\/td>\n<td style=\"width: 9.22647%;\"><a href=\"https:\/\/mesera.fi\/wp-content\/uploads\/2023\/05\/M112RT80i_7080601_1.pdf\" target=\"_blank\" rel=\"noopener\">1080<\/a><\/td>\n<td style=\"width: 10.0652%;\"><\/td>\n<td style=\"width: 4.52004%;\"><\/td>\n<td style=\"width: 4.52004%;\"><a href=\"https:\/\/mesera.fi\/wp-content\/uploads\/2023\/05\/M112RT95i_7080611_1.pdf\" target=\"_blank\" rel=\"noopener\">820<\/a><\/td>\n<td style=\"width: 0.51258%;\"><\/td>\n<td style=\"width: 0.943396%;\"><\/td>\n<\/tr>\n<tr>\n<td style=\"width: 10.6244%;\">121 R<\/td>\n<td style=\"width: 9.41286%;\"><a href=\"\/wp-content\/uploads\/2020\/01\/F121R51_200501_3.pdf\" target=\"_blank\" rel=\"noopener noreferrer\">2410<\/a><\/td>\n<td style=\"width: 9.97204%;\"><\/td>\n<td style=\"width: 9.97204%;\"><\/td>\n<td style=\"width: 9.50606%;\"><\/td>\n<td style=\"width: 9.69245%;\"><a href=\"\/wp-content\/uploads\/2020\/01\/F121RT73_200512_3.pdf\" target=\"_blank\" rel=\"noopener noreferrer\">1400<\/a><\/td>\n<td style=\"width: 9.04007%;\"><\/td>\n<td style=\"width: 9.22647%;\"><\/td>\n<td style=\"width: 10.0652%;\"><\/td>\n<td style=\"width: 4.52004%;\"><\/td>\n<td style=\"width: 4.52004%;\"><\/td>\n<td style=\"width: 0.51258%;\"><\/td>\n<td style=\"width: 0.943396%;\"><\/td>\n<\/tr>\n<tr>\n<td style=\"width: 10.6244%;\">122 R<\/td>\n<td style=\"width: 9.41286%;\"><\/td>\n<td style=\"width: 9.97204%;\"><\/td>\n<td style=\"width: 9.97204%;\"><\/td>\n<td style=\"width: 9.50606%;\"><\/td>\n<td style=\"width: 9.69245%;\"><\/td>\n<td style=\"width: 9.04007%;\"><\/td>\n<td style=\"width: 9.22647%;\"><a href=\"https:\/\/mesera.fi\/wp-content\/uploads\/2021\/03\/M122RT80i_7090521.pdf\" target=\"_blank\" rel=\"noopener noreferrer\">1310<\/a><\/td>\n<td style=\"width: 10.0652%;\"><a href=\"https:\/\/mesera.fi\/wp-content\/uploads\/2020\/09\/M122RT87i_7090551_1.pdf\" target=\"_blank\" rel=\"noopener noreferrer\">1160<\/a><\/td>\n<td style=\"width: 4.52004%;\"><\/td>\n<td style=\"width: 4.52004%;\"><\/td>\n<td style=\"width: 0.51258%;\"><\/td>\n<td style=\"width: 0.943396%;\"><\/td>\n<\/tr>\n<tr>\n<td style=\"width: 10.6244%;\">142 R<\/td>\n<td style=\"width: 9.41286%;\"><\/td>\n<td style=\"width: 9.97204%;\"><\/td>\n<td style=\"width: 9.97204%;\"><\/td>\n<td style=\"width: 9.50606%;\"><\/td>\n<td style=\"width: 9.69245%;\"><\/td>\n<td style=\"width: 9.04007%;\"><\/td>\n<td style=\"width: 9.22647%;\"><a href=\"https:\/\/mesera.fi\/wp-content\/uploads\/2020\/09\/M142RT80i_7100571_1.pdf\" target=\"_blank\" rel=\"noopener noreferrer\">1550<\/a><\/td>\n<td style=\"width: 10.0652%;\"><a href=\"https:\/\/mesera.fi\/wp-content\/uploads\/2023\/05\/M142RT87i_7100561_1.pdf\" target=\"_blank\" rel=\"noopener\">1420<\/a><\/td>\n<td style=\"width: 4.52004%;\"><a href=\"https:\/\/mesera.fi\/wp-content\/uploads\/2020\/09\/M142RT90i_7100551_1.pdf\" target=\"_blank\" rel=\"noopener noreferrer\">1150<\/a><\/td>\n<td style=\"width: 4.52004%;\"><\/td>\n<td style=\"width: 0.51258%;\"><a href=\"https:\/\/mesera.fi\/wp-content\/uploads\/2023\/05\/7100581_M142RT98i.pdf\" target=\"_blank\" rel=\"noopener\">1200<\/a><\/td>\n<td style=\"width: 0.943396%;\"><a href=\"https:\/\/mesera.fi\/wp-content\/uploads\/2023\/05\/7100591_M142RT101i.pdf\" target=\"_blank\" rel=\"noopener\">1000<\/a><\/td>\n<\/tr>\n<tr>\n<td style=\"width: 10.6244%;\">212 R<\/td>\n<td style=\"width: 9.41286%;\"><\/td>\n<td style=\"width: 9.97204%;\"><\/td>\n<td style=\"width: 9.97204%;\"><\/td>\n<td style=\"width: 9.50606%;\"><\/td>\n<td style=\"width: 9.69245%;\"><\/td>\n<td style=\"width: 9.04007%;\"><\/td>\n<td style=\"width: 9.22647%;\"><a href=\"https:\/\/mesera.fi\/wp-content\/uploads\/2020\/09\/M212RT87i_7150521_1.pdf\" target=\"_blank\" rel=\"noopener noreferrer\"><\/a><\/td>\n<td style=\"width: 10.0652%;\"><a href=\"https:\/\/mesera.fi\/wp-content\/uploads\/2020\/09\/M212RT87i_7150521_1.pdf\" target=\"_blank\" rel=\"noopener noreferrer\">2250<\/a><\/td>\n<td style=\"width: 4.52004%;\"><\/td>\n<td style=\"width: 4.52004%;\"><\/td>\n<td style=\"width: 0.51258%;\"><a href=\"https:\/\/mesera.fi\/wp-content\/uploads\/2021\/04\/M212RT98i_7150531.pdf\" target=\"_blank\" rel=\"noopener\">1695<\/a><\/td>\n<td style=\"width: 0.943396%;\"><\/td>\n<\/tr>\n<\/tbody>\n<\/table>\n<p>[\/et_pb_text][\/et_pb_column][\/et_pb_row][et_pb_row _builder_version=&#8221;4.16&#8243; global_colors_info=&#8221;{}&#8221;][et_pb_column type=&#8221;4_4&#8243; _builder_version=&#8221;4.16&#8243; global_colors_info=&#8221;{}&#8221;][et_pb_code _builder_version=&#8221;4.16&#8243; z_index=&#8221;0&#8243; width=&#8221;85%&#8221; module_alignment=&#8221;center&#8221; min_height=&#8221;311px&#8221; global_colors_info=&#8221;{}&#8221;][\/et_pb_code][\/et_pb_column][\/et_pb_row][\/et_pb_section]<\/p>\n","protected":false},"excerpt":{"rendered":"<p>Juontokoneet Juontokonenosturit on tarkoitettu l\u00e4hinn\u00e4 keski-euroopan markkinoille, Suomessa ei t\u00e4t\u00e4 menetelm\u00e4\u00e4 k\u00e4ytet\u00e4. Meseralla on 7 juontonosturimallia, joista uusimmat mallit 112R &#8211; 212R on varustettu sis\u00e4puolisella letkutuksella. Uusimmat mallit M122R, M142R sek\u00e4 M212R on julkaistu 2020.Esitteet Yleisesite Englanti \/ Ruotsi \/ Ranska SaksaTekniset tiedot Klikkaa tarkemmat tekniset tiedot n\u00e4kyviin alla olevasta taulukosta (ulottuma \u2013 max nostokyky, [&hellip;]<\/p>\n","protected":false},"author":1,"featured_media":0,"parent":0,"menu_order":0,"comment_status":"closed","ping_status":"closed","template":"","meta":{"_et_pb_use_builder":"on","_et_pb_old_content":"","_et_gb_content_width":"","footnotes":""},"class_list":["post-1106","page","type-page","status-publish","hentry"],"_links":{"self":[{"href":"https:\/\/mesera.fi\/fi\/wp-json\/wp\/v2\/pages\/1106","targetHints":{"allow":["GET"]}}],"collection":[{"href":"https:\/\/mesera.fi\/fi\/wp-json\/wp\/v2\/pages"}],"about":[{"href":"https:\/\/mesera.fi\/fi\/wp-json\/wp\/v2\/types\/page"}],"author":[{"embeddable":true,"href":"https:\/\/mesera.fi\/fi\/wp-json\/wp\/v2\/users\/1"}],"replies":[{"embeddable":true,"href":"https:\/\/mesera.fi\/fi\/wp-json\/wp\/v2\/comments?post=1106"}],"version-history":[{"count":10,"href":"https:\/\/mesera.fi\/fi\/wp-json\/wp\/v2\/pages\/1106\/revisions"}],"predecessor-version":[{"id":1465,"href":"https:\/\/mesera.fi\/fi\/wp-json\/wp\/v2\/pages\/1106\/revisions\/1465"}],"wp:attachment":[{"href":"https:\/\/mesera.fi\/fi\/wp-json\/wp\/v2\/media?parent=1106"}],"curies":[{"name":"wp","href":"https:\/\/api.w.org\/{rel}","templated":true}]}}