{"id":1088,"date":"2020-02-28T07:47:00","date_gmt":"2020-02-28T07:47:00","guid":{"rendered":"https:\/\/mesera.fi\/harvesterit\/"},"modified":"2020-02-28T10:59:32","modified_gmt":"2020-02-28T10:59:32","slug":"harvesterit","status":"publish","type":"page","link":"https:\/\/mesera.fi\/fi\/harvesterit\/","title":{"rendered":"Harvesterit"},"content":{"rendered":"<p>[et_pb_section fb_built=&#8221;1&#8243; _builder_version=&#8221;4.0.2&#8243;][et_pb_row column_structure=&#8221;1_2,1_2&#8243; custom_padding_last_edited=&#8221;on|tablet&#8221; module_class=&#8221;reverse&#8221; _builder_version=&#8221;4.0.2&#8243; custom_padding=&#8221;||60px|||&#8221; custom_padding_tablet=&#8221;||0px||false|false&#8221; custom_padding_phone=&#8221;&#8221;][et_pb_column type=&#8221;1_2&#8243; _builder_version=&#8221;4.0.2&#8243;][et_pb_text _builder_version=&#8221;4.0.2&#8243;]<\/p>\n<h1>Harvesterit<\/h1>\n<p>Meseran valikoimaan kuuluu 6 erilaista harvesterinosturia, traktorik\u00e4ytt\u00f6\u00f6n soveltuvasta M131 mallista markkinoiden vahvimpaan L280V asti.<\/p>\n<p>Vahva k\u00e4\u00e4nt\u00f6laite, hyv\u00e4t ominaisuudet ja ajogeometria takaavat tehokkaan ja nopean puunk\u00e4sittelyn Mesera harvesterinosturilla.<\/p>\n<p>Uusi M240 nosturin jalusta on varustettu rullalaakerilla kitkan minimoimiseksi ja polttoaineenkulutuksen v\u00e4hent\u00e4miseksi.[\/et_pb_text][et_pb_text _builder_version=&#8221;4.0.2&#8243; custom_margin=&#8221;||12px|||&#8221; hover_enabled=&#8221;0&#8243;]<\/p>\n<h3><strong>Esitteet<\/strong><\/h3>\n<p><a href=\"\/wp-content\/uploads\/2020\/01\/Mesera_2015.pdf\" target=\"_blank\" rel=\"noopener noreferrer\"><strong>Yleisesite Englanti \/ Ruotsi \/ Ranska<\/strong><\/a><br \/>\n<a href=\"\/wp-content\/uploads\/2020\/01\/Mesera_2015_GER.pdf\" target=\"_blank\" rel=\"noopener noreferrer\"><strong>Saksa<\/strong><\/a><br \/>\n[\/et_pb_text][\/et_pb_column][et_pb_column type=&#8221;1_2&#8243; _builder_version=&#8221;4.0.2&#8243;][et_pb_image src=&#8221;https:\/\/mesera.fi\/wp-content\/uploads\/2020\/01\/harvester.png&#8221; _builder_version=&#8221;4.0.2&#8243;][\/et_pb_image][\/et_pb_column][\/et_pb_row][et_pb_row _builder_version=&#8221;4.0.2&#8243; custom_padding=&#8221;3px|||||&#8221;][et_pb_column type=&#8221;4_4&#8243; _builder_version=&#8221;4.0.2&#8243;][et_pb_text module_class=&#8221;producttable&#8221; _builder_version=&#8221;4.0.2&#8243; custom_margin=&#8221;||12px|||&#8221;]<\/p>\n<h2>Tekniset tiedot<\/h2>\n<p>Klikkaa tarkemmat tekniset tiedot n\u00e4kyviin alla olevasta taulukosta (ulottuma \u2013 max nostokyky, kg)<\/p>\n<p>[\/et_pb_text][et_pb_text module_class=&#8221;producttable&#8221; _builder_version=&#8221;4.0.2&#8243; custom_margin=&#8221;||12px|||&#8221; custom_css_main_element=&#8221;overflow-x:auto;&#8221;]<\/p>\n<p>&nbsp;<\/p>\n<table style=\"width: 100%;\">\n<tbody>\n<tr>\n<th><\/th>\n<th>7.6<\/th>\n<th>8.3<\/th>\n<th>9.0<\/th>\n<th>9.7<\/th>\n<th>10.0<\/th>\n<th>10.3<\/th>\n<th>11.0<\/th>\n<th>11.1<\/th>\n<\/tr>\n<tr>\n<td>131 H<\/td>\n<td><\/td>\n<td><\/td>\n<td><a href=\"\/wp-content\/uploads\/2020\/01\/M131H90_3020531_1.pdf\" target=\"_blank\" rel=\"noopener noreferrer\">580<\/a><\/td>\n<td><\/td>\n<td><\/td>\n<td><\/td>\n<td><\/td>\n<td><\/td>\n<\/tr>\n<tr>\n<td>141 H<\/td>\n<td><a href=\"\/wp-content\/uploads\/2020\/01\/L141V76_3020521_1.pdf\" target=\"_blank\" rel=\"noopener noreferrer\">1010<\/a><\/td>\n<td><\/td>\n<td><\/td>\n<td><\/td>\n<td><\/td>\n<td><\/td>\n<td><\/td>\n<td><\/td>\n<\/tr>\n<tr>\n<td>181 H<\/td>\n<td><\/td>\n<td><\/td>\n<td><a href=\"\/wp-content\/uploads\/2020\/01\/L181V90_L181V100_540541_oct14.pdf\" target=\"_blank\" rel=\"noopener noreferrer\">1100<\/a><\/td>\n<td><\/td>\n<td><a href=\"\/wp-content\/uploads\/2020\/01\/L181V90_L181V100_540541_oct14-1.pdf\" target=\"_blank\" rel=\"noopener noreferrer\">940<\/a><\/td>\n<td><\/td>\n<td><a href=\"\/wp-content\/uploads\/2020\/01\/L181V110_540551_2.pdf\" target=\"_blank\" rel=\"noopener noreferrer\">770<\/a><\/td>\n<td><\/td>\n<\/tr>\n<tr>\n<td>221 H<\/td>\n<td><\/td>\n<td><a href=\"\/wp-content\/uploads\/2020\/01\/M221H83_H100_530551_1.pdf\" target=\"_blank\" rel=\"noopener noreferrer\">1760<\/a><\/td>\n<td><\/td>\n<td><\/td>\n<td><a href=\"\/wp-content\/uploads\/2020\/01\/M221H83_H100_530551_1-1.pdf\" target=\"_blank\" rel=\"noopener noreferrer\">1380<\/a><\/td>\n<td><\/td>\n<td><a href=\"\/wp-content\/uploads\/2020\/01\/M221H110_530561_1.pdf\" target=\"_blank\" rel=\"noopener noreferrer\">1180<\/a><\/td>\n<td><\/td>\n<\/tr>\n<tr>\n<td>240 H<\/td>\n<td><\/td>\n<td><\/td>\n<td><\/td>\n<td><\/td>\n<td><\/td>\n<td><a href=\"\/wp-content\/uploads\/2020\/01\/240H103i_7040501_3.pdf\" target=\"_blank\" rel=\"noopener noreferrer\">1540<\/a><\/td>\n<td><\/td>\n<td><a href=\"\/wp-content\/uploads\/2020\/01\/7040511_240H111_1.pdf\" target=\"_blank\" rel=\"noopener noreferrer\">1510<\/a><\/td>\n<\/tr>\n<tr>\n<td>280 H<\/td>\n<td><\/td>\n<td><\/td>\n<td><\/td>\n<td><\/td>\n<td><\/td>\n<td><\/td>\n<td><a href=\"\/wp-content\/uploads\/2020\/01\/L280V110_3120501_2.pdf\" target=\"_blank\" rel=\"noopener noreferrer\">1700<\/a><\/td>\n<td><\/td>\n<\/tr>\n<tr>\n<td>285 H<\/td>\n<td><\/td>\n<td><\/td>\n<td><\/td>\n<td><a href=\"\/wp-content\/uploads\/2020\/01\/3120551_M285H97.pdf\" target=\"_blank\" rel=\"noopener noreferrer\">2050<\/a><\/td>\n<td><\/td>\n<td><\/td>\n<td><\/td>\n<td><\/td>\n<\/tr>\n<\/tbody>\n<\/table>\n<p>[\/et_pb_text][\/et_pb_column][\/et_pb_row][et_pb_row _builder_version=&#8221;4.0.2&#8243;][et_pb_column type=&#8221;4_4&#8243; _builder_version=&#8221;4.0.2&#8243;][et_pb_code _builder_version=&#8221;4.0.2&#8243; width=&#8221;85%&#8221; module_alignment=&#8221;center&#8221; z_index=&#8221;0&#8243;][\/et_pb_code][\/et_pb_column][\/et_pb_row][\/et_pb_section]<\/p>\n","protected":false},"excerpt":{"rendered":"<p>Harvesterit Meseran valikoimaan kuuluu 6 erilaista harvesterinosturia, traktorik\u00e4ytt\u00f6\u00f6n soveltuvasta M131 mallista markkinoiden vahvimpaan L280V asti. Vahva k\u00e4\u00e4nt\u00f6laite, hyv\u00e4t ominaisuudet ja ajogeometria takaavat tehokkaan ja nopean puunk\u00e4sittelyn Mesera harvesterinosturilla. Uusi M240 nosturin jalusta on varustettu rullalaakerilla kitkan minimoimiseksi ja polttoaineenkulutuksen v\u00e4hent\u00e4miseksi.Esitteet Yleisesite Englanti \/ Ruotsi \/ Ranska Saksa Tekniset tiedot Klikkaa tarkemmat tekniset tiedot n\u00e4kyviin alla [&hellip;]<\/p>\n","protected":false},"author":1,"featured_media":0,"parent":0,"menu_order":0,"comment_status":"closed","ping_status":"closed","template":"","meta":{"_et_pb_use_builder":"on","_et_pb_old_content":"","_et_gb_content_width":"","footnotes":""},"class_list":["post-1088","page","type-page","status-publish","hentry"],"_links":{"self":[{"href":"https:\/\/mesera.fi\/fi\/wp-json\/wp\/v2\/pages\/1088","targetHints":{"allow":["GET"]}}],"collection":[{"href":"https:\/\/mesera.fi\/fi\/wp-json\/wp\/v2\/pages"}],"about":[{"href":"https:\/\/mesera.fi\/fi\/wp-json\/wp\/v2\/types\/page"}],"author":[{"embeddable":true,"href":"https:\/\/mesera.fi\/fi\/wp-json\/wp\/v2\/users\/1"}],"replies":[{"embeddable":true,"href":"https:\/\/mesera.fi\/fi\/wp-json\/wp\/v2\/comments?post=1088"}],"version-history":[{"count":2,"href":"https:\/\/mesera.fi\/fi\/wp-json\/wp\/v2\/pages\/1088\/revisions"}],"predecessor-version":[{"id":1132,"href":"https:\/\/mesera.fi\/fi\/wp-json\/wp\/v2\/pages\/1088\/revisions\/1132"}],"wp:attachment":[{"href":"https:\/\/mesera.fi\/fi\/wp-json\/wp\/v2\/media?parent=1088"}],"curies":[{"name":"wp","href":"https:\/\/api.w.org\/{rel}","templated":true}]}}