{"id":1056,"date":"2020-02-28T07:21:19","date_gmt":"2020-02-28T07:21:19","guid":{"rendered":"https:\/\/mesera.fi\/ajokoneet\/"},"modified":"2023-05-29T15:12:32","modified_gmt":"2023-05-29T12:12:32","slug":"ajokoneet","status":"publish","type":"page","link":"https:\/\/mesera.fi\/fi\/ajokoneet\/","title":{"rendered":"Ajokoneet"},"content":{"rendered":"<p>[et_pb_section fb_built=&#8221;1&#8243; _builder_version=&#8221;4.16&#8243; global_colors_info=&#8221;{}&#8221;][et_pb_row column_structure=&#8221;1_2,1_2&#8243; custom_padding_last_edited=&#8221;on|tablet&#8221; module_class=&#8221;reverse&#8221; _builder_version=&#8221;4.16&#8243; custom_padding=&#8221;||60px|||&#8221; custom_padding_tablet=&#8221;||0px||false|false&#8221; custom_padding_phone=&#8221;&#8221; global_colors_info=&#8221;{}&#8221;][et_pb_column type=&#8221;1_2&#8243; _builder_version=&#8221;4.16&#8243; global_colors_info=&#8221;{}&#8221;][et_pb_text _builder_version=&#8221;4.16&#8243; global_colors_info=&#8221;{}&#8221;]<\/p>\n<h1>Ajokoneet<\/h1>\n<p>Meseralla on 11 kuormatraktorinosturimallia, klassinen F\u2013sarja joka perustuu jo Logliftin aikana tuotannossa olleisiin malleihin sek\u00e4 uutta suunnittelua oleva M\u2013sarja. Nostureita on saatavana sek\u00e4 sis\u00e4- ett\u00e4 ulkopuolisella letkutuksella.<\/p>\n<p>Kuormatraktorinostureita k\u00e4ytet\u00e4\u00e4n mets\u00e4koneiden lis\u00e4ksi teollisuudessa (sahat, vaneritehtaat, kierr\u00e4tysmateriaalit), hakkureissa ja traktoreissa. Nostureita voidaan toimittaa my\u00f6s hytill\u00e4 ja s\u00e4hk\u00f6ohjauksella varustettuna.<\/p>\n<p>Uusissa M\u2013sarjan nostureissa on 20 mm putket ja 1\u20442 \u201d letkut teleskoopissa jonka ansiosta p\u00e4\u00e4st\u00e4\u00e4n pieniin paineh\u00e4vi\u00f6ihin. N\u00e4in saavutetaan nopeus ja energians\u00e4\u00e4st\u00f6\u00e4. Nosturin k\u00e4rki r\u00e4\u00e4t\u00e4l\u00f6id\u00e4\u00e4n asiakkaan tarpeen mukaan Y\u2013linkille (suojattu letkutus), perinteiselle ripustimelle tai kaksoisjarruripustimelle.<\/p>\n<p>[\/et_pb_text][\/et_pb_column][et_pb_column type=&#8221;1_2&#8243; _builder_version=&#8221;4.16&#8243; global_colors_info=&#8221;{}&#8221;][et_pb_image src=&#8221;https:\/\/mesera.fi\/wp-content\/uploads\/2019\/10\/forwarder500px.png&#8221; _builder_version=&#8221;4.16&#8243; global_colors_info=&#8221;{}&#8221;][\/et_pb_image][et_pb_text _builder_version=&#8221;4.16&#8243; custom_margin=&#8221;||12px|||&#8221; global_colors_info=&#8221;{}&#8221;]<\/p>\n<h3><strong>Esitteet<\/strong><\/h3>\n<p><a href=\"\/wp-content\/uploads\/2020\/01\/Mesera_2015.pdf\" target=\"_blank\" rel=\"noopener noreferrer\"><strong> Yleisesite Englanti \/ Ranska \/ Ruotsi<\/strong><\/a><br \/>\n<a href=\"\/wp-content\/uploads\/2020\/01\/Mesera_2015_GER.pdf\" target=\"_blank\" rel=\"noopener noreferrer\"><strong>Saksa<\/strong><\/a><br \/>\n<a href=\"\/wp-content\/uploads\/2020\/01\/m-protect-esite-1.pdf\"><strong>M-Protect<\/strong><\/a>[\/et_pb_text][\/et_pb_column][\/et_pb_row][et_pb_row _builder_version=&#8221;4.16&#8243; custom_padding=&#8221;3px|||||&#8221; global_colors_info=&#8221;{}&#8221;][et_pb_column type=&#8221;4_4&#8243; _builder_version=&#8221;4.16&#8243; global_colors_info=&#8221;{}&#8221;][et_pb_text module_class=&#8221;producttable&#8221; _builder_version=&#8221;4.16&#8243; custom_margin=&#8221;||12px|||&#8221; global_colors_info=&#8221;{}&#8221;]<\/p>\n<h2>Tekniset tiedot<\/h2>\n<p>Klikkaa tarkemmat tekniset tiedot n\u00e4kyviin alla olevasta taulukosta (ulottuma \u2013 max nostokyky, kg)<\/p>\n<p>[\/et_pb_text][et_pb_text module_class=&#8221;producttable&#8221; _builder_version=&#8221;4.21.0&#8243; text_font_size=&#8221;14px&#8221; custom_margin=&#8221;||12px||false|false&#8221; custom_padding=&#8221;||||false|false&#8221; hover_enabled=&#8221;0&#8243; custom_css_main_element=&#8221;overflow-x:auto;&#8221; global_colors_info=&#8221;{}&#8221; sticky_enabled=&#8221;0&#8243;]<\/p>\n<p>&nbsp;<\/p>\n<table style=\"width: 100%;\">\n<tbody>\n<tr>\n<th style=\"width: 6.03774%;\"><\/th>\n<th style=\"width: 4.43396%;\">6.5<\/th>\n<th style=\"width: 5.37736%;\">7.1<\/th>\n<th style=\"width: 5.75472%;\">7.2<\/th>\n<th style=\"width: 5.56604%;\">7.8<\/th>\n<th style=\"width: 4.90566%;\">7.9i<\/th>\n<th style=\"width: 4.62264%;\">7.9<\/th>\n<th style=\"width: 5.28302%;\">8.0<\/th>\n<th style=\"width: 5.66038%;\">8.1<\/th>\n<th style=\"width: 5.09434%;\">8.3i<\/th>\n<th style=\"width: 5.56604%;\">8.5<\/th>\n<th style=\"width: 5.75472%;\">8.6<\/th>\n<th style=\"width: 4.62264%;\">8.7<\/th>\n<th style=\"width: 5.66038%;\">9.1<\/th>\n<th style=\"width: 5.66038%;\">9.6<\/th>\n<th style=\"width: 0.943396%;\">9.6i<\/th>\n<th style=\"width: 4.62264%;\">10<\/th>\n<th style=\"width: 5.18868%;\">10i<\/th>\n<th style=\"width: 5.56604%;\">10.4<\/th>\n<\/tr>\n<tr>\n<td style=\"width: 6.03774%;\">51 F<\/td>\n<td style=\"width: 4.43396%;\"><a href=\"\/wp-content\/uploads\/2020\/01\/M51F65_780533_1.pdf\" target=\"_blank\" rel=\"noopener noreferrer\">730<\/a><\/td>\n<td style=\"width: 5.37736%;\"><\/td>\n<td style=\"width: 5.75472%;\"><\/td>\n<td style=\"width: 5.56604%;\"><\/td>\n<td style=\"width: 4.90566%;\"><\/td>\n<td style=\"width: 4.62264%;\"><\/td>\n<td style=\"width: 5.28302%;\"><\/td>\n<td style=\"width: 5.66038%;\"><\/td>\n<td style=\"width: 5.09434%;\"><\/td>\n<td style=\"width: 5.56604%;\"><\/td>\n<td style=\"width: 5.75472%;\"><\/td>\n<td style=\"width: 4.62264%;\"><a href=\"\/wp-content\/uploads\/2020\/01\/M51FT87_780543_1.pdf\" target=\"_blank\" rel=\"noopener noreferrer\">480<\/a><\/td>\n<td style=\"width: 5.66038%;\"><\/td>\n<td style=\"width: 5.66038%;\"><a href=\"\/wp-content\/uploads\/2020\/01\/M51FT96_780553_1.pdf\" target=\"_blank\" rel=\"noopener noreferrer\">400<\/a><\/td>\n<td style=\"width: 0.943396%;\"><\/td>\n<td style=\"width: 4.62264%;\"><\/td>\n<td style=\"width: 5.18868%;\"><\/td>\n<td style=\"width: 5.56604%;\"><\/td>\n<\/tr>\n<tr>\n<td style=\"width: 6.03774%;\">59 F<\/td>\n<td style=\"width: 4.43396%;\"><\/td>\n<td style=\"width: 5.37736%;\"><\/td>\n<td style=\"width: 5.75472%;\"><a href=\"\/wp-content\/uploads\/2020\/01\/F59F72_3010511_2.pdf\" target=\"_blank\" rel=\"noopener noreferrer\">810<\/a><\/td>\n<td style=\"width: 5.56604%;\"><\/td>\n<td style=\"width: 4.90566%;\"><\/td>\n<td style=\"width: 4.62264%;\"><\/td>\n<td style=\"width: 5.28302%;\"><\/td>\n<td style=\"width: 5.66038%;\"><\/td>\n<td style=\"width: 5.09434%;\"><\/td>\n<td style=\"width: 5.56604%;\"><a href=\"\/wp-content\/uploads\/2020\/01\/F59FT85_3010501_2.pdf\" target=\"_blank\" rel=\"noopener noreferrer\">590<\/a><\/td>\n<td style=\"width: 5.75472%;\"><\/td>\n<td style=\"width: 4.62264%;\"><\/td>\n<td style=\"width: 5.66038%;\"><\/td>\n<td style=\"width: 5.66038%;\"><\/td>\n<td style=\"width: 0.943396%;\"><\/td>\n<td style=\"width: 4.62264%;\"><a href=\"\/wp-content\/uploads\/2020\/01\/F59FT100_3010521_2.pdf\" target=\"_blank\" rel=\"noopener noreferrer\">410<\/a><\/td>\n<td style=\"width: 5.18868%;\"><a href=\"\/wp-content\/uploads\/2020\/01\/F59FT100i_3010531_1.pdf\" target=\"_blank\" rel=\"noopener noreferrer\">410<\/a><\/td>\n<td style=\"width: 5.56604%;\"><\/td>\n<\/tr>\n<tr>\n<td style=\"width: 6.03774%;\">71 F<\/td>\n<td style=\"width: 4.43396%;\"><\/td>\n<td style=\"width: 5.37736%;\"><\/td>\n<td style=\"width: 5.75472%;\"><a href=\"\/wp-content\/uploads\/2020\/01\/F59FT100i_3010531_1-1.pdf\" target=\"_blank\" rel=\"noopener noreferrer\">1080<\/a><\/td>\n<td style=\"width: 5.56604%;\"><\/td>\n<td style=\"width: 4.90566%;\"><a href=\"\/wp-content\/uploads\/2020\/01\/71FT79i_760601_1_900.pdf\" target=\"_blank\" rel=\"noopener noreferrer\">900<\/a><\/td>\n<td style=\"width: 4.62264%;\"><a href=\"\/wp-content\/uploads\/2020\/01\/71FT79_760531_1.pdf\" target=\"_blank\" rel=\"noopener noreferrer\">840<\/a><\/td>\n<td style=\"width: 5.28302%;\"><\/td>\n<td style=\"width: 5.66038%;\"><\/td>\n<td style=\"width: 5.09434%;\"><a href=\"\/wp-content\/uploads\/2020\/01\/71FT83i_760621_1_830.pdf\" target=\"_blank\" rel=\"noopener noreferrer\">830<\/a><\/td>\n<td style=\"width: 5.56604%;\"><a href=\"\/wp-content\/uploads\/2020\/01\/71FT85_760521_5.pdf\" target=\"_blank\" rel=\"noopener noreferrer\">800<\/a><\/td>\n<td style=\"width: 5.75472%;\"><\/td>\n<td style=\"width: 4.62264%;\"><\/td>\n<td style=\"width: 5.66038%;\"><\/td>\n<td style=\"width: 5.66038%;\"><\/td>\n<td style=\"width: 0.943396%;\"><\/td>\n<td style=\"width: 4.62264%;\"><a href=\"\/wp-content\/uploads\/2020\/01\/71FT100_760501_5.pdf\" target=\"_blank\" rel=\"noopener noreferrer\">580<\/a><\/td>\n<td style=\"width: 5.18868%;\"><a href=\"\/wp-content\/uploads\/2020\/01\/71FT100i_760541_1.pdf\" target=\"_blank\" rel=\"noopener noreferrer\">580<\/a><\/td>\n<td style=\"width: 5.56604%;\"><\/td>\n<\/tr>\n<tr>\n<td style=\"width: 6.03774%;\">83 F<\/td>\n<td style=\"width: 4.43396%;\"><\/td>\n<td style=\"width: 5.37736%;\"><\/td>\n<td style=\"width: 5.75472%;\"><a href=\"\/wp-content\/uploads\/2020\/01\/F83F72_760561_1.pdf\" target=\"_blank\" rel=\"noopener noreferrer\">1190<\/a><\/td>\n<td style=\"width: 5.56604%;\"><\/td>\n<td style=\"width: 4.90566%;\"><a href=\"\/wp-content\/uploads\/2020\/01\/83FT79i_760611_1_980.pdf\" target=\"_blank\" rel=\"noopener noreferrer\">980<\/a><\/td>\n<td style=\"width: 4.62264%;\"><\/td>\n<td style=\"width: 5.28302%;\"><\/td>\n<td style=\"width: 5.66038%;\"><\/td>\n<td style=\"width: 5.09434%;\"><a href=\"\/wp-content\/uploads\/2020\/01\/83FT83i_760631_1_920.pdf\" target=\"_blank\" rel=\"noopener noreferrer\">920<\/a><\/td>\n<td style=\"width: 5.56604%;\"><a href=\"\/wp-content\/uploads\/2020\/01\/F83FT85_760571_1.pdf\" target=\"_blank\" rel=\"noopener noreferrer\">910<\/a><\/td>\n<td style=\"width: 5.75472%;\"><\/td>\n<td style=\"width: 4.62264%;\"><\/td>\n<td style=\"width: 5.66038%;\"><a href=\"https:\/\/mesera.fi\/wp-content\/uploads\/2023\/05\/F83FT91_760641_1.pdf\" target=\"_blank\" rel=\"noopener\">810<\/a><\/td>\n<td style=\"width: 5.66038%;\"><\/td>\n<td style=\"width: 0.943396%;\"><\/td>\n<td style=\"width: 4.62264%;\"><\/td>\n<td style=\"width: 5.18868%;\"><a href=\"\/wp-content\/uploads\/2020\/01\/F83FT100i_760591_1.pdf\" target=\"_blank\" rel=\"noopener noreferrer\">640<\/a><\/td>\n<td style=\"width: 5.56604%;\"><\/td>\n<\/tr>\n<tr>\n<td style=\"width: 6.03774%;\">92 F<\/td>\n<td style=\"width: 4.43396%;\"><\/td>\n<td style=\"width: 5.37736%;\"><\/td>\n<td style=\"width: 5.75472%;\"><\/td>\n<td style=\"width: 5.56604%;\"><\/td>\n<td style=\"width: 4.90566%;\"><\/td>\n<td style=\"width: 4.62264%;\"><\/td>\n<td style=\"width: 5.28302%;\"><a href=\"\/wp-content\/uploads\/2020\/01\/92_F80i_7080571_3.pdf\" target=\"_blank\" rel=\"noopener noreferrer\">1160<\/a><\/td>\n<td style=\"width: 5.66038%;\"><\/td>\n<td style=\"width: 5.09434%;\"><\/td>\n<td style=\"width: 5.56604%;\"><\/td>\n<td style=\"width: 5.75472%;\"><a href=\"\/wp-content\/uploads\/2020\/01\/92_FT_86i_7080561_3.pdf\" target=\"_blank\" rel=\"noopener\">1000<\/a><\/td>\n<td style=\"width: 4.62264%;\"><\/td>\n<td style=\"width: 5.66038%;\"><\/td>\n<td style=\"width: 5.66038%;\"><\/td>\n<td style=\"width: 0.943396%;\"><\/td>\n<td style=\"width: 4.62264%;\"><\/td>\n<td style=\"width: 5.18868%;\"><a href=\"\/wp-content\/uploads\/2020\/01\/92_FT_100i_7080551_3.pdf\" target=\"_blank\" rel=\"noopener noreferrer\">780<\/a><\/td>\n<td style=\"width: 5.56604%;\"><\/td>\n<\/tr>\n<tr>\n<td style=\"width: 6.03774%;\">111 F<\/td>\n<td style=\"width: 4.43396%;\"><\/td>\n<td style=\"width: 5.37736%;\"><a href=\"\/wp-content\/uploads\/2020\/01\/F111F71_210521_5.pdf\" target=\"_blank\" rel=\"noopener noreferrer\">1570<\/a><\/td>\n<td style=\"width: 5.75472%;\"><a href=\"\/wp-content\/uploads\/2020\/01\/F111F72_210501_5.pdf\" target=\"_blank\" rel=\"noopener noreferrer\">1610<\/a><\/td>\n<td style=\"width: 5.56604%;\"><a href=\"\/wp-content\/uploads\/2020\/01\/F111F78_210531_5.pdf\" target=\"_blank\" rel=\"noopener noreferrer\">1340<\/a><\/td>\n<td style=\"width: 4.90566%;\"><\/td>\n<td style=\"width: 4.62264%;\"><\/td>\n<td style=\"width: 5.28302%;\"><\/td>\n<td style=\"width: 5.66038%;\"><\/td>\n<td style=\"width: 5.09434%;\"><\/td>\n<td style=\"width: 5.56604%;\"><a href=\"\/wp-content\/uploads\/2020\/01\/F111FT85_210511_5.pdf\" target=\"_blank\" rel=\"noopener noreferrer\">1250<\/a><\/td>\n<td style=\"width: 5.75472%;\"><\/td>\n<td style=\"width: 4.62264%;\"><\/td>\n<td style=\"width: 5.66038%;\"><a href=\"\/wp-content\/uploads\/2020\/01\/F111FT91_210541_5.pdf\" target=\"_blank\" rel=\"noopener noreferrer\">1030<\/a><\/td>\n<td style=\"width: 5.66038%;\"><\/td>\n<td style=\"width: 0.943396%;\"><\/td>\n<td style=\"width: 4.62264%;\"><a href=\"\/wp-content\/uploads\/2020\/01\/F111FT100_210551_5.pdf\" target=\"_blank\" rel=\"noopener noreferrer\">940<\/a><\/td>\n<td style=\"width: 5.18868%;\"><\/td>\n<td style=\"width: 5.56604%;\"><\/td>\n<\/tr>\n<tr>\n<td style=\"width: 6.03774%;\">122 F<\/td>\n<td style=\"width: 4.43396%;\"><\/td>\n<td style=\"width: 5.37736%;\"><\/td>\n<td style=\"width: 5.75472%;\"><\/td>\n<td style=\"width: 5.56604%;\"><\/td>\n<td style=\"width: 4.90566%;\"><\/td>\n<td style=\"width: 4.62264%;\"><\/td>\n<td style=\"width: 5.28302%;\"><\/td>\n<td style=\"width: 5.66038%;\"><a href=\"\/wp-content\/uploads\/2020\/01\/M122F81i_7090521_oct14.pdf\" target=\"_blank\" rel=\"noopener noreferrer\">1380<\/a><\/td>\n<td style=\"width: 5.09434%;\"><\/td>\n<td style=\"width: 5.56604%;\"><a href=\"\/wp-content\/uploads\/2020\/01\/M122F85i_7090501_2.pdf\" target=\"_blank\" rel=\"noopener noreferrer\">1270<\/a><\/td>\n<td style=\"width: 5.75472%;\"><\/td>\n<td style=\"width: 4.62264%;\"><\/td>\n<td style=\"width: 5.66038%;\"><\/td>\n<td style=\"width: 5.66038%;\"><a href=\"\/wp-content\/uploads\/2020\/01\/M122FT96i_7090531_oct14.pdf\" target=\"_blank\" rel=\"noopener noreferrer\">1040<\/a><\/td>\n<td style=\"width: 0.943396%;\"><\/td>\n<td style=\"width: 4.62264%;\"><\/td>\n<td style=\"width: 5.18868%;\"><a href=\"\/wp-content\/uploads\/2020\/01\/M122FT100i_7090541_oct14.pdf\" target=\"_blank\" rel=\"noopener noreferrer\">960<\/a><\/td>\n<td style=\"width: 5.56604%;\"><a href=\"\/wp-content\/uploads\/2020\/01\/M122FT104i_7090511_1.pdf\" target=\"_blank\" rel=\"noopener noreferrer\">950<\/a><\/td>\n<\/tr>\n<tr>\n<td style=\"width: 6.03774%;\">142 F<\/td>\n<td style=\"width: 4.43396%;\"><\/td>\n<td style=\"width: 5.37736%;\"><\/td>\n<td style=\"width: 5.75472%;\"><\/td>\n<td style=\"width: 5.56604%;\"><\/td>\n<td style=\"width: 4.90566%;\"><\/td>\n<td style=\"width: 4.62264%;\"><\/td>\n<td style=\"width: 5.28302%;\"><\/td>\n<td style=\"width: 5.66038%;\"><a href=\"\/wp-content\/uploads\/2020\/01\/M142F81i_7100551_oct14.pdf\" target=\"_blank\" rel=\"noopener noreferrer\">1650<\/a><\/td>\n<td style=\"width: 5.09434%;\"><\/td>\n<td style=\"width: 5.56604%;\"><a href=\"\/wp-content\/uploads\/2020\/01\/M142F85i_7100521_2.pdf\" target=\"_blank\" rel=\"noopener noreferrer\">1500<\/a><\/td>\n<td style=\"width: 5.75472%;\"><\/td>\n<td style=\"width: 4.62264%;\"><\/td>\n<td style=\"width: 5.66038%;\"><\/td>\n<td style=\"width: 5.66038%;\"><a href=\"\/wp-content\/uploads\/2020\/01\/M142FT96i_7100541_1.pdf\" target=\"_blank\" rel=\"noopener noreferrer\">1270<\/a><\/td>\n<td style=\"width: 0.943396%;\"><\/td>\n<td style=\"width: 4.62264%;\"><\/td>\n<td style=\"width: 5.18868%;\"><a href=\"\/wp-content\/uploads\/2020\/01\/M142FT100i_7100531_oct14.pdf\" target=\"_blank\" rel=\"noopener noreferrer\">1150<\/a><\/td>\n<td style=\"width: 5.56604%;\"><a href=\"\/wp-content\/uploads\/2020\/01\/M142FT104i_7100501_3.pdf\" target=\"_blank\" rel=\"noopener noreferrer\">1120<\/a><\/td>\n<\/tr>\n<tr>\n<td style=\"width: 6.03774%;\">202 F<\/td>\n<td style=\"width: 4.43396%;\"><\/td>\n<td style=\"width: 5.37736%;\"><\/td>\n<td style=\"width: 5.75472%;\"><\/td>\n<td style=\"width: 5.56604%;\"><\/td>\n<td style=\"width: 4.90566%;\"><\/td>\n<td style=\"width: 4.62264%;\"><\/td>\n<td style=\"width: 5.28302%;\"><\/td>\n<td style=\"width: 5.66038%;\"><\/td>\n<td style=\"width: 5.09434%;\"><\/td>\n<td style=\"width: 5.56604%;\"><\/td>\n<td style=\"width: 5.75472%;\"><\/td>\n<td style=\"width: 4.62264%;\"><\/td>\n<td style=\"width: 5.66038%;\"><\/td>\n<td style=\"width: 5.66038%;\"><\/td>\n<td style=\"width: 0.943396%;\"><a href=\"https:\/\/mesera.fi\/wp-content\/uploads\/2023\/05\/M202FT96i_7150111.pdf\" target=\"_blank\" rel=\"noopener\">1835<\/a><\/td>\n<td style=\"width: 4.62264%;\"><\/td>\n<td style=\"width: 5.18868%;\"><\/td>\n<td style=\"width: 5.56604%;\"><\/td>\n<\/tr>\n<\/tbody>\n<\/table>\n<p>[\/et_pb_text][\/et_pb_column][\/et_pb_row][et_pb_row _builder_version=&#8221;4.16&#8243; global_colors_info=&#8221;{}&#8221;][et_pb_column type=&#8221;4_4&#8243; _builder_version=&#8221;4.16&#8243; global_colors_info=&#8221;{}&#8221;][et_pb_code _builder_version=&#8221;4.16&#8243; z_index=&#8221;0&#8243; width=&#8221;85%&#8221; width_tablet=&#8221;80%&#8221; width_phone=&#8221;&#8221; width_last_edited=&#8221;on|tablet&#8221; module_alignment=&#8221;center&#8221; global_colors_info=&#8221;{}&#8221;][\/et_pb_code][\/et_pb_column][\/et_pb_row][\/et_pb_section]<\/p>\n","protected":false},"excerpt":{"rendered":"<p>Ajokoneet Meseralla on 11 kuormatraktorinosturimallia, klassinen F\u2013sarja joka perustuu jo Logliftin aikana tuotannossa olleisiin malleihin sek\u00e4 uutta suunnittelua oleva M\u2013sarja. Nostureita on saatavana sek\u00e4 sis\u00e4- ett\u00e4 ulkopuolisella letkutuksella. Kuormatraktorinostureita k\u00e4ytet\u00e4\u00e4n mets\u00e4koneiden lis\u00e4ksi teollisuudessa (sahat, vaneritehtaat, kierr\u00e4tysmateriaalit), hakkureissa ja traktoreissa. Nostureita voidaan toimittaa my\u00f6s hytill\u00e4 ja s\u00e4hk\u00f6ohjauksella varustettuna. Uusissa M\u2013sarjan nostureissa on 20 mm putket ja [&hellip;]<\/p>\n","protected":false},"author":1,"featured_media":0,"parent":0,"menu_order":0,"comment_status":"closed","ping_status":"closed","template":"","meta":{"_et_pb_use_builder":"on","_et_pb_old_content":"","_et_gb_content_width":"","footnotes":""},"class_list":["post-1056","page","type-page","status-publish","hentry"],"_links":{"self":[{"href":"https:\/\/mesera.fi\/fi\/wp-json\/wp\/v2\/pages\/1056","targetHints":{"allow":["GET"]}}],"collection":[{"href":"https:\/\/mesera.fi\/fi\/wp-json\/wp\/v2\/pages"}],"about":[{"href":"https:\/\/mesera.fi\/fi\/wp-json\/wp\/v2\/types\/page"}],"author":[{"embeddable":true,"href":"https:\/\/mesera.fi\/fi\/wp-json\/wp\/v2\/users\/1"}],"replies":[{"embeddable":true,"href":"https:\/\/mesera.fi\/fi\/wp-json\/wp\/v2\/comments?post=1056"}],"version-history":[{"count":12,"href":"https:\/\/mesera.fi\/fi\/wp-json\/wp\/v2\/pages\/1056\/revisions"}],"predecessor-version":[{"id":1470,"href":"https:\/\/mesera.fi\/fi\/wp-json\/wp\/v2\/pages\/1056\/revisions\/1470"}],"wp:attachment":[{"href":"https:\/\/mesera.fi\/fi\/wp-json\/wp\/v2\/media?parent=1056"}],"curies":[{"name":"wp","href":"https:\/\/api.w.org\/{rel}","templated":true}]}}